{"id":320,"date":"2020-02-12T15:31:16","date_gmt":"2020-02-12T23:31:16","guid":{"rendered":"https:\/\/goodbugs.ca\/_future\/questions-frequentes\/"},"modified":"2020-02-13T13:37:30","modified_gmt":"2020-02-13T21:37:30","slug":"questions-frequentes","status":"publish","type":"page","link":"https:\/\/goodbugs.ca\/fr\/questions-frequentes\/","title":{"rendered":"Questions Fr\u00e9quentes"},"content":{"rendered":"<h5>Q: Qu\u2019est que les gu\u00eapes parasites?<\/h5>\n<p><strong>R:<\/strong> <a href=\"https:\/\/goodbugs.ca\/fr\/les-guepes-parasites\/\">Les gu\u00eapes parasites<\/a> sont de minuscules insectes qui parasitent naturellement les mouches. Le mot \u00ab gu\u00eape \u00bb nous fait penser \u00e0 un insecte piqueur mais ce n\u2019est pas le cas des gu\u00eapes parasites. Cet insecte qui mesure moins de 0,5 cm ne pique pas, vole principalement la nuit et n\u2019est attir\u00e9 ni par les humains, ni par les animaux. En fait, vous ne les verrez probablement jamais apr\u00e8s les avoir rel\u00e2ch\u00e9 du sac de livraison. Elles ciblent les pupes de mouches et y pondent leurs \u0153ufs. Les larves de gu\u00eapes se d\u00e9veloppent en utilisant la pupe pour se nourrir. Ensuite les gu\u00eapes matures \u00e9mergent et partent \u00e0 la recherche de pupes de mouches pour y pondre \u00e0 leur tour.<\/p>\n<h5>Q: Est-ce que les gu\u00eapes contr\u00f4lent toutes les esp\u00e8ces de mouches?<\/h5>\n<p><strong>R:<\/strong> Les gu\u00eapes parasites vont contr\u00f4ler de mani\u00e8re efficace 95 % des mouches qu\u2019on retrouve autour des granges, \u00e9tables, enclos et p\u00e2turages. Ceci inclus la mouche des \u00e9tables, la mouche domestique, la mouche des cornes et la mouche \u0153stre (de la viande). Les gu\u00eapes parasites ne sont pas efficaces pour contr\u00f4ler les mouches qui se reproduisent dans l\u2019eau (comme la mouche noire et la mouche \u00e0 cheval).<\/p>\n<h5>Q: Quelles esp\u00e8ces de gu\u00eapes utilisez-vous et pourquoi?<\/h5>\n<p><strong>R:<\/strong> Afin de parasiter le plus grand nombre d\u2019esp\u00e8ces de mouches et d\u2019obtenir la pr\u00e9valence (taux de parasitisme) la plus \u00e9lev\u00e9e nous utilisons cinq esp\u00e8ces de gu\u00eapes parasites: Muscidifurax zaraptor, Muscidifurax raptor, Muscidifurax raptorellus, Spalangia cameroni and Spalangia endius. Certains parasites sont plus efficaces pendant les p\u00e9riodes froides pendant que d\u2019autres pr\u00e9f\u00e8rent les p\u00e9riodes plus chaudes. Nous ajustons donc le m\u00e9lange en fonction des saisons et nous pouvons aussi ajuster les m\u00e9langes en fonction des besoins individuels.<\/p>\n<h5>Q. Quand devrais-je commencer un programme de contr\u00f4le des mouches avec les gu\u00eapes parasites?<\/h5>\n<p><strong>R:<\/strong>\u00a0Deux crit\u00e8res sont importants \u00e0 consid\u00e9rer. Pour les applications ext\u00e9rieures, le meilleur temps pour commencer un programme est d\u00e8s l\u2019apparition des premi\u00e8res mouches au printemps. Dans les granges ouvertes, les enclos ext\u00e9rieurs et les \u00e9tables, elles apparaissent g\u00e9n\u00e9ralement du c\u00f4t\u00e9 sud en premier. Le deuxi\u00e8me crit\u00e8re est l\u2019absence de risque de gel s\u00e9v\u00e8re.<\/p>\n<p>Dans les espaces confin\u00e9s et chauff\u00e9s \u00e0 l\u2019ann\u00e9e tel que les productions d\u2019\u0153ufs et les \u00e9levages porcins, le meilleur moment d\u2019introduction des gu\u00eapes parasites est imm\u00e9diatement apr\u00e8s un nettoyage et l\u2019arriv\u00e9e des nouveaux animaux. Notez qu\u2019un programme de gestion des mouches par les gu\u00eapes parasites peut \u00eatre introduit en tout temps, cependant il est plus difficile et plus long \u00e0 implanter si la population de mouches est bien \u00e9tablie.<\/p>\n<h5>Q: Comment je d\u00e9termine la quantit\u00e9 de parasite dont j\u2019ai besoin?<\/h5>\n<p><strong>R:<\/strong> Chaque \u00e9levage est unique et plusieurs facteurs influencent le nombre de parasites n\u00e9cessaires. Le type et le nombre d\u2019animaux sont un point de d\u00e9part pour estimer le nombre de parasites n\u00e9cessaires mais la m\u00e9thode de gestion du fumier, la temp\u00e9rature ext\u00e9rieure et la pr\u00e9sence d\u2019autres animaux dans l\u2019environnement imm\u00e9diat sont des \u00e9l\u00e9ments importants \u00e0 consid\u00e9rer dans l\u2019\u00e9valuation de la quantit\u00e9 de gu\u00eapes \u00e0 introduire. Des conditions environnementales plus chaudes ou plus humides vont exiger un plus grand nombre de gu\u00eapes parasites alors que des temp\u00e9ratures froides et s\u00e8ches seront moins favorables aux mouches. Une plus grande ferme ou une ferme o\u00f9 les mouches sont plus abondantes va n\u00e9cessiter un plus grand nombre de gu\u00eapes parasites.<\/p>\n<p>Prendre le contr\u00f4le d\u2019une grande population de mouches d\u00e9j\u00e0 existantes demande d\u2019appliquer un plus grand nombre de gu\u00eapes parasites au d\u00e9part. Lorsque le contr\u00f4le de la population est \u00e9tabli, on peut diminuer la quantit\u00e9 de parasites \u00e0 appliquer jusqu\u2019\u00e0 la fin de la saison.<\/p>\n<h5>Q. A quelle fr\u00e9quence vais-je recevoir les envois de gu\u00eapes parasites et pendant combien de temps dois-je les utiliser?<\/h5>\n<p><strong>R:<\/strong> La fr\u00e9quence des envois va d\u00e9pendre de la taille de votre ferme. Si vous n\u2019avez que quelques animaux, un envoie chaque quatre semaines peut \u00eatre appropri\u00e9. Pour les grandes exploitations un envoi toutes les deux semaines est \u00e0 privil\u00e9gier. L\u2019application de gu\u00eapes parasites doit se poursuivre jusqu\u2019aux premiers gels de l\u2019automne qui ont lieu normalement \u00e0 la mi-septembre au Qu\u00e9bec.<\/p>\n<h5>Q. O\u00f9 dois-je rel\u00e2cher les gu\u00eapes parasites?<\/h5>\n<p><strong>R:<\/strong> Le premier endroit o\u00f9 d\u00e9poser les gu\u00eapes parasites est dans votre fosse et\/ou tas de fumier. Des pupes de gu\u00eapes parasites peuvent aussi \u00eatre r\u00e9pandues autour des cl\u00f4tures et dans les coins humides des enclos. Chaque ferme est unique et diff\u00e9rents endroits doivent \u00eatre envisag\u00e9s pour rel\u00e2cher les gu\u00eapes parasites. Consultez les onglets portant sur chaque type de ferme ; \u00c9curies, Fermes laiti\u00e8res, Volaille et \u0153ufs et \u00c9levages porcins pour plus de d\u00e9tails sur le rel\u00e2chement des gu\u00eapes parasites.<\/p>\n<h5>Q: Est-ce que les gu\u00eapes parasites peuvent \u00eatre n\u00e9fastes pour l\u2019environnement?<\/h5>\n<p><strong>R<\/strong>: Non. Toutes les esp\u00e8ces de gu\u00eapes parasites que nous utilisons sont d\u00e9j\u00e0 pr\u00e9sentes \u00e0 l\u2019\u00e9tat naturel au Canada, en rel\u00e2chant les gu\u00eapes parasites vous ne faites qu\u2019augmenter la population existante. Tous les produits que nous envoyons ont \u00e9t\u00e9 approuv\u00e9s par Environnement Canada qui nous a \u00e9mis un permis pour leur vente et leur distribution.<\/p>\n<h5>Q: Pourquoi devrais-je faire affaire avec Goodbugs?<\/h5>\n<p><strong>R:<\/strong> Depuis pr\u00e8s de deux d\u00e9cennies, Goodbugs fournit les fermiers canadiens avec un produit sain pour nous et l\u2019environnement dont le rapport qualit\u00e9-prix est le meilleur sur le march\u00e9. Le m\u00e9lange des diff\u00e9rentes esp\u00e8ces de gu\u00eapes parasites est tr\u00e8s important pour obtenir un contr\u00f4le des mouches optimal et nous avons d\u00e9velopp\u00e9 un m\u00e9lange qui est parfaitement adapt\u00e9 aux fermes canadiennes. D\u00e8s que vous adh\u00e9rez \u00e0 un programme de lutte contre les mouches avec nous, vous recevez votre produit \u00e0 la porte et nous vous offrons un support technique continu pour s\u2019assurer du succ\u00e8s de votre programme. Goodbugs a grandi au fil des ans gr\u00e2ce \u00e0 son excellente r\u00e9putation et \u00e0 son service personnalis\u00e9 qui vous permet d\u2019atteindre votre objectif de lutte contre les mouches en partenariat avec la nature.<\/p>\n","protected":false},"excerpt":{"rendered":"<p>Q: Qu\u2019est que les gu\u00eapes parasites? R: Les gu\u00eapes parasites sont de minuscules insectes qui parasitent naturellement les mouches. Le mot \u00ab gu\u00eape \u00bb nous fait penser \u00e0 un insecte piqueur mais ce n\u2019est pas le&#8230;<\/p>\n","protected":false},"author":1,"featured_media":0,"parent":0,"menu_order":5,"comment_status":"closed","ping_status":"closed","template":"","meta":{"_acf_changed":false,"inline_featured_image":false,"footnotes":""},"class_list":["post-320","page","type-page","status-publish","hentry"],"acf":[],"yoast_head":"<!-- This site is optimized with the Yoast SEO plugin v26.9 - https:\/\/yoast.com\/product\/yoast-seo-wordpress\/ -->\n<title>Questions Fr\u00e9quentes - Goodbugs<\/title>\n<meta name=\"robots\" content=\"index, follow, max-snippet:-1, max-image-preview:large, max-video-preview:-1\" \/>\n<link rel=\"canonical\" href=\"https:\/\/goodbugs.ca\/fr\/questions-frequentes\/\" \/>\n<meta property=\"og:locale\" content=\"fr_FR\" \/>\n<meta property=\"og:type\" content=\"article\" \/>\n<meta property=\"og:title\" content=\"Questions Fr\u00e9quentes - Goodbugs\" \/>\n<meta property=\"og:description\" content=\"Q: Qu\u2019est que les gu\u00eapes parasites? R: Les gu\u00eapes parasites sont de minuscules insectes qui parasitent naturellement les mouches. Le mot \u00ab gu\u00eape \u00bb nous fait penser \u00e0 un insecte piqueur mais ce n\u2019est pas le...\" \/>\n<meta property=\"og:url\" content=\"https:\/\/goodbugs.ca\/fr\/questions-frequentes\/\" \/>\n<meta property=\"og:site_name\" content=\"Goodbugs\" \/>\n<meta property=\"article:modified_time\" content=\"2020-02-13T21:37:30+00:00\" \/>\n<meta property=\"og:image\" content=\"https:\/\/goodbugs.ca\/wp-content\/uploads\/2020\/03\/social.jpg\" \/>\n\t<meta property=\"og:image:width\" content=\"600\" \/>\n\t<meta property=\"og:image:height\" content=\"600\" \/>\n\t<meta property=\"og:image:type\" content=\"image\/jpeg\" \/>\n<meta name=\"twitter:card\" content=\"summary_large_image\" \/>\n<meta name=\"twitter:label1\" content=\"Dur\u00e9e de lecture estim\u00e9e\" \/>\n\t<meta name=\"twitter:data1\" content=\"5 minutes\" \/>\n<!-- \/ Yoast SEO plugin. -->","yoast_head_json":{"title":"Questions Fr\u00e9quentes - Goodbugs","robots":{"index":"index","follow":"follow","max-snippet":"max-snippet:-1","max-image-preview":"max-image-preview:large","max-video-preview":"max-video-preview:-1"},"canonical":"https:\/\/goodbugs.ca\/fr\/questions-frequentes\/","og_locale":"fr_FR","og_type":"article","og_title":"Questions Fr\u00e9quentes - Goodbugs","og_description":"Q: Qu\u2019est que les gu\u00eapes parasites? R: Les gu\u00eapes parasites sont de minuscules insectes qui parasitent naturellement les mouches. Le mot \u00ab gu\u00eape \u00bb nous fait penser \u00e0 un insecte piqueur mais ce n\u2019est pas le...","og_url":"https:\/\/goodbugs.ca\/fr\/questions-frequentes\/","og_site_name":"Goodbugs","article_modified_time":"2020-02-13T21:37:30+00:00","og_image":[{"width":600,"height":600,"url":"https:\/\/goodbugs.ca\/wp-content\/uploads\/2020\/03\/social.jpg","type":"image\/jpeg"}],"twitter_card":"summary_large_image","twitter_misc":{"Dur\u00e9e de lecture estim\u00e9e":"5 minutes"},"schema":{"@context":"https:\/\/schema.org","@graph":[{"@type":"WebPage","@id":"https:\/\/goodbugs.ca\/fr\/questions-frequentes\/","url":"https:\/\/goodbugs.ca\/fr\/questions-frequentes\/","name":"Questions Fr\u00e9quentes - Goodbugs","isPartOf":{"@id":"https:\/\/goodbugs.ca\/#website"},"datePublished":"2020-02-12T23:31:16+00:00","dateModified":"2020-02-13T21:37:30+00:00","breadcrumb":{"@id":"https:\/\/goodbugs.ca\/fr\/questions-frequentes\/#breadcrumb"},"inLanguage":"fr-FR","potentialAction":[{"@type":"ReadAction","target":["https:\/\/goodbugs.ca\/fr\/questions-frequentes\/"]}]},{"@type":"BreadcrumbList","@id":"https:\/\/goodbugs.ca\/fr\/questions-frequentes\/#breadcrumb","itemListElement":[{"@type":"ListItem","position":1,"name":"Home","item":"https:\/\/goodbugs.ca\/fr\/"},{"@type":"ListItem","position":2,"name":"Questions Fr\u00e9quentes"}]},{"@type":"WebSite","@id":"https:\/\/goodbugs.ca\/#website","url":"https:\/\/goodbugs.ca\/","name":"Goodbugs","description":"","potentialAction":[{"@type":"SearchAction","target":{"@type":"EntryPoint","urlTemplate":"https:\/\/goodbugs.ca\/?s={search_term_string}"},"query-input":{"@type":"PropertyValueSpecification","valueRequired":true,"valueName":"search_term_string"}}],"inLanguage":"fr-FR"}]}},"_links":{"self":[{"href":"https:\/\/goodbugs.ca\/fr\/wp-json\/wp\/v2\/pages\/320","targetHints":{"allow":["GET"]}}],"collection":[{"href":"https:\/\/goodbugs.ca\/fr\/wp-json\/wp\/v2\/pages"}],"about":[{"href":"https:\/\/goodbugs.ca\/fr\/wp-json\/wp\/v2\/types\/page"}],"author":[{"embeddable":true,"href":"https:\/\/goodbugs.ca\/fr\/wp-json\/wp\/v2\/users\/1"}],"replies":[{"embeddable":true,"href":"https:\/\/goodbugs.ca\/fr\/wp-json\/wp\/v2\/comments?post=320"}],"version-history":[{"count":2,"href":"https:\/\/goodbugs.ca\/fr\/wp-json\/wp\/v2\/pages\/320\/revisions"}],"predecessor-version":[{"id":386,"href":"https:\/\/goodbugs.ca\/fr\/wp-json\/wp\/v2\/pages\/320\/revisions\/386"}],"wp:attachment":[{"href":"https:\/\/goodbugs.ca\/fr\/wp-json\/wp\/v2\/media?parent=320"}],"curies":[{"name":"wp","href":"https:\/\/api.w.org\/{rel}","templated":true}]}}