{"id":319,"date":"2020-02-12T15:30:03","date_gmt":"2020-02-12T23:30:03","guid":{"rendered":"https:\/\/goodbugs.ca\/_future\/le-relachement\/"},"modified":"2020-02-13T13:41:14","modified_gmt":"2020-02-13T21:41:14","slug":"le-relachement","status":"publish","type":"page","link":"https:\/\/goodbugs.ca\/fr\/le-relachement\/","title":{"rendered":"Le Rel\u00e2chement"},"content":{"rendered":"<p>Au printemps, il est mieux de rel\u00e2cher les gu\u00eapes parasites \u00e0 l\u2019ext\u00e9rieur d\u00e8s que vous voyez les premi\u00e8res mouches voler. Quelques mouches survivent toujours \u00e0 l\u2019hiver et il est beaucoup plus facile de prendre le dessus \u00e0 ce moment plut\u00f4t que d\u2019attendre que la population soit tr\u00e8s nombreuse et bien \u00e9tablie. Au Canada, le meilleur moment pour commencer votre programme d\u2019utilisation des parasites de mouche est d\u00e8s que vous commencez \u00e0 observer un rassemblement de mouches sur le c\u00f4t\u00e9 sud des b\u00e2timents et que les risques de gel sont pass\u00e9s.<\/p>\n<p>Dans les b\u00e2timents chauff\u00e9s comme les \u00e9levages porcinss, les fermes aviaires ou tout autres fermes d\u2019op\u00e9ration cyclique, les gu\u00eapes parasites peuvent \u00eatre introduites \u00e0 tout moment cependant, il est plus rentable et efficace de les introduire apr\u00e8s que le b\u00e2timent ait \u00e9t\u00e9 nettoy\u00e9 de fond en comble, ce qui co\u00efncide g\u00e9n\u00e9ralement avec l\u2019introduction de nouveaux animaux.<\/p>\n<p>Les parasites de mouches sont envoy\u00e9s par la poste dans un sac qui semble contenir des grains de riz noirs. En fait, ce sont des pupes de mouches parasit\u00e9es par les gu\u00eapes. Celles-ci vont \u00e9merger de la pupe quelques jours apr\u00e8s et vont commencer \u00e0 rep\u00e9rer les pupes dans vos b\u00e2timents ou dans votre fosse. Quand vous allez recevoir un sac de gu\u00eapes parasites, vous allez noter que quelques gu\u00eapes ont d\u00e9j\u00e0 \u00e9merg\u00e9 et qu\u2019elles rampent dans le sac. Il n\u2019y a aucun danger, ces esp\u00e8ces de gu\u00eapes ne piquent pas et ne sont pas attir\u00e9es par les hommes ou les animaux. Vous n\u2019avez qu\u2019\u00e0 ouvrir le sac et les laisser s\u2019envoler, elles partiront \u00e0 la recherche d\u2019une pupe de mouche. Il est id\u00e9al de rel\u00e2cher les parasites de mouches d\u00e8s que possible. Si vous n\u2019avez pas le choix, vous pouvez les conserver \u00e0 8-12 \u00b0C pour quelques jours.<\/p>\n<p>Certaines m\u00e9thodes de rel\u00e2chement des gu\u00eapes parasites permettent de maximiser leur efficacit\u00e9. Pour les rel\u00e2cher sur un tas de fumier, l\u2019id\u00e9al est de creuser une petite tranch\u00e9e de 2,5 cm ou 1&Prime; profond autour du p\u00e9rim\u00e8tre du tas. Mettre les parasites dans la tranch\u00e9e et couvrir avec 1 cm, (1\/2&Prime;) de fumier. Cette couverture va prot\u00e9ger les parasites des pr\u00e9dateurs comme les oiseaux ou les rongeurs. La gu\u00eape parasite peut creuser jusqu\u2019\u00e0 15 cm (6&Prime;) dans le fumier \u00e0 la recherche de pupes de mouches. Elles n\u2019auront donc pas de probl\u00e8me \u00e0 \u00e9merger sous 2,5 cm (1&Prime;) de fumier. Si les pr\u00e9dateurs ne sont pas un probl\u00e8me, les gu\u00eapes parasites peuvent \u00eatre seulement jet\u00e9es \u00e0 la vol\u00e9e sur le tas de fumier ou de compost.<\/p>\n<p>Les gu\u00eapes parasites peuvent aussi \u00eatre \u00e9pandues le long des cl\u00f4tures et des enclos ou dans les lits de paille des \u00e9tables. Il y a d\u2019autres suggestions de m\u00e9thodes pour \u00e9pandre les gu\u00eapes parasites l\u00e0 o\u00f9 elles seront le plus efficace sur chaque onglet sp\u00e9cifique \u00e0 chaque ferme; les \u00e9curies, les fermes laiti\u00e8res, les poulaillers et les \u00e9levages porcins.<\/p>\n<p>Une autre m\u00e9thode populaire pour rel\u00e2cher les gu\u00eapes est de fabriquer un petit sac en moustiquaire et de mettre quelques pupes dans le sac puis de l\u2019accrocher dans votre \u00e9table o\u00f9 les animaux ne peuvent pas l\u2019atteindre. Le grillage doit \u00eatre assez grand pour laisser passer les gu\u00eapes, mais suffisamment petit pour retenir la pupe de mouche. Vous pouvez voir les petites gu\u00eapes dans le sac quand vous le recevez et ainsi d\u00e9terminer la taille du grillage \u00e0 utiliser.<\/p>\n<h3>Combien en ai-je besoin?<\/h3>\n<p>Quelle quantit\u00e9 de gu\u00eapes parasites avez-vous besoin pour contr\u00f4ler les mouches dans votre \u00e9tablissement?<\/p>\n<p>Pour r\u00e9pondre \u00e0 cette question, nous devrons tenir compte de trois facteurs. Le premier facteur est la sanitarisation et la gestion du fumier. Si le fumier est accumul\u00e9 en plusieurs endroits, il sera beaucoup plus difficile de contr\u00f4ler les mouches que s\u2019il est rassembl\u00e9 en un seul tas. Le deuxi\u00e8me facteur \u00e0 consid\u00e9rer est le nombre et la taille des animaux. Le dernier facteur est la tol\u00e9rance individuelle face aux mouches. Personne ne veut des mouches, mais le niveau de tol\u00e9rance face \u00e0 la quantit\u00e9 de mouches peut s\u2019\u00e9tendre d\u2019\u00e9lev\u00e9 \u00e0 faible.<\/p>\n<p>Il est recommand\u00e9 d\u2019utiliser environ 1000-1500 gu\u00eapes parasites par animal de grande taille (chevaux), 500-600 par petit animal (ch\u00e8vre, alpagas) et 3-5 par oiseaux. Les fermes avec un grand nombre d\u2019animaux vont n\u00e9cessiter moins de gu\u00eapes par animal. Normalement, il est recommand\u00e9 de doubler les deux premiers envois pour implanter rapidement une grande population de gu\u00eapes parasites. Le nombre de parasites n\u00e9cessaires peut aussi d\u00e9pendre de la temp\u00e9rature; une l\u00e9g\u00e8re diminution par temps frais ou sec et une l\u00e9g\u00e8re augmentation par temps chaud et humide.<\/p>\n","protected":false},"excerpt":{"rendered":"<p>Au printemps, il est mieux de rel\u00e2cher les gu\u00eapes parasites \u00e0 l\u2019ext\u00e9rieur d\u00e8s que vous voyez les premi\u00e8res mouches voler. Quelques mouches survivent toujours \u00e0 l\u2019hiver et il est beaucoup plus facile de prendre le dessus&#8230;<\/p>\n","protected":false},"author":1,"featured_media":0,"parent":0,"menu_order":4,"comment_status":"closed","ping_status":"closed","template":"","meta":{"_acf_changed":false,"inline_featured_image":false,"footnotes":""},"class_list":["post-319","page","type-page","status-publish","hentry"],"acf":[],"yoast_head":"<!-- This site is optimized with the Yoast SEO plugin v26.9 - https:\/\/yoast.com\/product\/yoast-seo-wordpress\/ -->\n<title>Le Rel\u00e2chement - Goodbugs<\/title>\n<meta name=\"robots\" content=\"index, follow, max-snippet:-1, max-image-preview:large, max-video-preview:-1\" \/>\n<link rel=\"canonical\" href=\"https:\/\/goodbugs.ca\/fr\/le-relachement\/\" \/>\n<meta property=\"og:locale\" content=\"fr_FR\" \/>\n<meta property=\"og:type\" content=\"article\" \/>\n<meta property=\"og:title\" content=\"Le Rel\u00e2chement - Goodbugs\" \/>\n<meta property=\"og:description\" content=\"Au printemps, il est mieux de rel\u00e2cher les gu\u00eapes parasites \u00e0 l\u2019ext\u00e9rieur d\u00e8s que vous voyez les premi\u00e8res mouches voler. Quelques mouches survivent toujours \u00e0 l\u2019hiver et il est beaucoup plus facile de prendre le dessus...\" \/>\n<meta property=\"og:url\" content=\"https:\/\/goodbugs.ca\/fr\/le-relachement\/\" \/>\n<meta property=\"og:site_name\" content=\"Goodbugs\" \/>\n<meta property=\"article:modified_time\" content=\"2020-02-13T21:41:14+00:00\" \/>\n<meta property=\"og:image\" content=\"https:\/\/goodbugs.ca\/wp-content\/uploads\/2020\/03\/social.jpg\" \/>\n\t<meta property=\"og:image:width\" content=\"600\" \/>\n\t<meta property=\"og:image:height\" content=\"600\" \/>\n\t<meta property=\"og:image:type\" content=\"image\/jpeg\" \/>\n<meta name=\"twitter:card\" content=\"summary_large_image\" \/>\n<meta name=\"twitter:label1\" content=\"Dur\u00e9e de lecture estim\u00e9e\" \/>\n\t<meta name=\"twitter:data1\" content=\"4 minutes\" \/>\n<!-- \/ Yoast SEO plugin. -->","yoast_head_json":{"title":"Le Rel\u00e2chement - Goodbugs","robots":{"index":"index","follow":"follow","max-snippet":"max-snippet:-1","max-image-preview":"max-image-preview:large","max-video-preview":"max-video-preview:-1"},"canonical":"https:\/\/goodbugs.ca\/fr\/le-relachement\/","og_locale":"fr_FR","og_type":"article","og_title":"Le Rel\u00e2chement - Goodbugs","og_description":"Au printemps, il est mieux de rel\u00e2cher les gu\u00eapes parasites \u00e0 l\u2019ext\u00e9rieur d\u00e8s que vous voyez les premi\u00e8res mouches voler. Quelques mouches survivent toujours \u00e0 l\u2019hiver et il est beaucoup plus facile de prendre le dessus...","og_url":"https:\/\/goodbugs.ca\/fr\/le-relachement\/","og_site_name":"Goodbugs","article_modified_time":"2020-02-13T21:41:14+00:00","og_image":[{"width":600,"height":600,"url":"https:\/\/goodbugs.ca\/wp-content\/uploads\/2020\/03\/social.jpg","type":"image\/jpeg"}],"twitter_card":"summary_large_image","twitter_misc":{"Dur\u00e9e de lecture estim\u00e9e":"4 minutes"},"schema":{"@context":"https:\/\/schema.org","@graph":[{"@type":"WebPage","@id":"https:\/\/goodbugs.ca\/fr\/le-relachement\/","url":"https:\/\/goodbugs.ca\/fr\/le-relachement\/","name":"Le Rel\u00e2chement - Goodbugs","isPartOf":{"@id":"https:\/\/goodbugs.ca\/#website"},"datePublished":"2020-02-12T23:30:03+00:00","dateModified":"2020-02-13T21:41:14+00:00","breadcrumb":{"@id":"https:\/\/goodbugs.ca\/fr\/le-relachement\/#breadcrumb"},"inLanguage":"fr-FR","potentialAction":[{"@type":"ReadAction","target":["https:\/\/goodbugs.ca\/fr\/le-relachement\/"]}]},{"@type":"BreadcrumbList","@id":"https:\/\/goodbugs.ca\/fr\/le-relachement\/#breadcrumb","itemListElement":[{"@type":"ListItem","position":1,"name":"Home","item":"https:\/\/goodbugs.ca\/fr\/"},{"@type":"ListItem","position":2,"name":"Le Rel\u00e2chement"}]},{"@type":"WebSite","@id":"https:\/\/goodbugs.ca\/#website","url":"https:\/\/goodbugs.ca\/","name":"Goodbugs","description":"","potentialAction":[{"@type":"SearchAction","target":{"@type":"EntryPoint","urlTemplate":"https:\/\/goodbugs.ca\/?s={search_term_string}"},"query-input":{"@type":"PropertyValueSpecification","valueRequired":true,"valueName":"search_term_string"}}],"inLanguage":"fr-FR"}]}},"_links":{"self":[{"href":"https:\/\/goodbugs.ca\/fr\/wp-json\/wp\/v2\/pages\/319","targetHints":{"allow":["GET"]}}],"collection":[{"href":"https:\/\/goodbugs.ca\/fr\/wp-json\/wp\/v2\/pages"}],"about":[{"href":"https:\/\/goodbugs.ca\/fr\/wp-json\/wp\/v2\/types\/page"}],"author":[{"embeddable":true,"href":"https:\/\/goodbugs.ca\/fr\/wp-json\/wp\/v2\/users\/1"}],"replies":[{"embeddable":true,"href":"https:\/\/goodbugs.ca\/fr\/wp-json\/wp\/v2\/comments?post=319"}],"version-history":[{"count":1,"href":"https:\/\/goodbugs.ca\/fr\/wp-json\/wp\/v2\/pages\/319\/revisions"}],"predecessor-version":[{"id":387,"href":"https:\/\/goodbugs.ca\/fr\/wp-json\/wp\/v2\/pages\/319\/revisions\/387"}],"wp:attachment":[{"href":"https:\/\/goodbugs.ca\/fr\/wp-json\/wp\/v2\/media?parent=319"}],"curies":[{"name":"wp","href":"https:\/\/api.w.org\/{rel}","templated":true}]}}