{"id":311,"date":"2020-02-12T15:23:00","date_gmt":"2020-02-12T23:23:00","guid":{"rendered":"https:\/\/goodbugs.ca\/_future\/les-guepes-parasites\/nous-contacter\/"},"modified":"2020-02-13T22:49:50","modified_gmt":"2020-02-14T06:49:50","slug":"nous-contacter","status":"publish","type":"page","link":"https:\/\/goodbugs.ca\/fr\/les-guepes-parasites\/nous-contacter\/","title":{"rendered":"Impacts \u00c9conomiques"},"content":{"rendered":"<p>Les effets nuisibles des mouches sont tr\u00e8s faciles \u00e0 observer et \u00e0 comprendre. Plusieurs esp\u00e8ces de mouches se nourrissent de sang et les piq\u00fbres causent un sentiment de d\u00e9tresse chez les animaux. Les mouches l\u00e9cheuses (qui ne piquent pas) sont attir\u00e9es par les s\u00e9cr\u00e9tions provenant des animaux et s\u2019observent autour des yeux et du nez du b\u00e9tail. Les propri\u00e9taires de chevaux utilisent des masques pendant l\u2019\u00e9t\u00e9 pour tenir les mouches \u00e9loign\u00e9es des yeux des animaux.<\/p>\n<p>La concentration de mouches peut \u00eatre tr\u00e8s importante dans les espaces o\u00f9 les jeunes animaux sont \u00e9lev\u00e9s. Les jeunes mammif\u00e8res se nourrissent de lait maternel et produisent un fumier humide et riche en nutriments. La jeune volaille a aussi une di\u00e8te enrichie pour encourager sa croissance et son fumier est aussi plus riche et humide. Ce substrat est parfait pour la reproduction des mouches et le probl\u00e8me devient plus s\u00e9v\u00e8re encore si les jeunes sont \u00e9lev\u00e9s dans un espace chauff\u00e9.<\/p>\n<p>Les mouches deviennent un facteur de stress pour les animaux et ceux-ci, soumis \u00e0 un stress \u00e9lev\u00e9, vont devenir moins productifs. Plusieurs \u00e9tudes confirment ce fait et concluent que la production de viande, de lait et d\u2019\u0153ufs est significativement inf\u00e9rieure chez les animaux stress\u00e9s. Il a \u00e9t\u00e9 \u00e9valu\u00e9 que les fermes dont le facteur de stress \u00ab mouche \u00bb est absent ont une productivit\u00e9 de 2-5 % sup\u00e9rieures aux autres. Les mouches sont responsables d\u2019une baisse significative de la production dans les \u00e9levages. Il a \u00e9t\u00e9 \u00e9valu\u00e9 que les mouches sont responsables de pertes qui se calculent en milliards de dollars dans le domaine agricole.<\/p>\n<p>L\u2019impact \u00e9conomique des maladies transmises par la mouche est encore plus simple \u00e0 comprendre. Les mouches piqueuses v\u00e9hiculent des maladies transmissibles par le sang d\u2019un animal infect\u00e9 \u00e0 un autre alors que les mouches l\u00e9cheuses transmettent des virus et des bact\u00e9ries. La transmission des maladies dans un troupeau tr\u00e8s dense peut \u00eatre tr\u00e8s rapide et d\u00e9vastatrice. Un autre \u00e9l\u00e9ment \u00e0 consid\u00e9rer est la transmission de maladies aux \u00eatres humains, certains rapports font \u00e9tat de plus de 50 maladies transmissibles aux humains.<\/p>\n","protected":false},"excerpt":{"rendered":"<p>Les effets nuisibles des mouches sont tr\u00e8s faciles \u00e0 observer et \u00e0 comprendre. Plusieurs esp\u00e8ces de mouches se nourrissent de sang et les piq\u00fbres causent un sentiment de d\u00e9tresse chez les animaux. Les mouches l\u00e9cheuses (qui&#8230;<\/p>\n","protected":false},"author":1,"featured_media":0,"parent":299,"menu_order":6,"comment_status":"closed","ping_status":"closed","template":"","meta":{"_acf_changed":false,"inline_featured_image":false,"footnotes":""},"class_list":["post-311","page","type-page","status-publish","hentry"],"acf":[],"yoast_head":"<!-- This site is optimized with the Yoast SEO plugin v26.9 - https:\/\/yoast.com\/product\/yoast-seo-wordpress\/ -->\n<title>Impacts \u00c9conomiques - Goodbugs<\/title>\n<meta name=\"robots\" content=\"index, follow, max-snippet:-1, max-image-preview:large, max-video-preview:-1\" \/>\n<link rel=\"canonical\" href=\"https:\/\/goodbugs.ca\/fr\/les-guepes-parasites\/nous-contacter\/\" \/>\n<meta property=\"og:locale\" content=\"fr_FR\" \/>\n<meta property=\"og:type\" content=\"article\" \/>\n<meta property=\"og:title\" content=\"Impacts \u00c9conomiques - Goodbugs\" \/>\n<meta property=\"og:description\" content=\"Les effets nuisibles des mouches sont tr\u00e8s faciles \u00e0 observer et \u00e0 comprendre. Plusieurs esp\u00e8ces de mouches se nourrissent de sang et les piq\u00fbres causent un sentiment de d\u00e9tresse chez les animaux. Les mouches l\u00e9cheuses (qui...\" \/>\n<meta property=\"og:url\" content=\"https:\/\/goodbugs.ca\/fr\/les-guepes-parasites\/nous-contacter\/\" \/>\n<meta property=\"og:site_name\" content=\"Goodbugs\" \/>\n<meta property=\"article:modified_time\" content=\"2020-02-14T06:49:50+00:00\" \/>\n<meta property=\"og:image\" content=\"https:\/\/goodbugs.ca\/wp-content\/uploads\/2020\/03\/social.jpg\" \/>\n\t<meta property=\"og:image:width\" content=\"600\" \/>\n\t<meta property=\"og:image:height\" content=\"600\" \/>\n\t<meta property=\"og:image:type\" content=\"image\/jpeg\" \/>\n<meta name=\"twitter:card\" content=\"summary_large_image\" \/>\n<meta name=\"twitter:label1\" content=\"Dur\u00e9e de lecture estim\u00e9e\" \/>\n\t<meta name=\"twitter:data1\" content=\"2 minutes\" \/>\n<!-- \/ Yoast SEO plugin. -->","yoast_head_json":{"title":"Impacts \u00c9conomiques - Goodbugs","robots":{"index":"index","follow":"follow","max-snippet":"max-snippet:-1","max-image-preview":"max-image-preview:large","max-video-preview":"max-video-preview:-1"},"canonical":"https:\/\/goodbugs.ca\/fr\/les-guepes-parasites\/nous-contacter\/","og_locale":"fr_FR","og_type":"article","og_title":"Impacts \u00c9conomiques - Goodbugs","og_description":"Les effets nuisibles des mouches sont tr\u00e8s faciles \u00e0 observer et \u00e0 comprendre. Plusieurs esp\u00e8ces de mouches se nourrissent de sang et les piq\u00fbres causent un sentiment de d\u00e9tresse chez les animaux. Les mouches l\u00e9cheuses (qui...","og_url":"https:\/\/goodbugs.ca\/fr\/les-guepes-parasites\/nous-contacter\/","og_site_name":"Goodbugs","article_modified_time":"2020-02-14T06:49:50+00:00","og_image":[{"width":600,"height":600,"url":"https:\/\/goodbugs.ca\/wp-content\/uploads\/2020\/03\/social.jpg","type":"image\/jpeg"}],"twitter_card":"summary_large_image","twitter_misc":{"Dur\u00e9e de lecture estim\u00e9e":"2 minutes"},"schema":{"@context":"https:\/\/schema.org","@graph":[{"@type":"WebPage","@id":"https:\/\/goodbugs.ca\/fr\/les-guepes-parasites\/nous-contacter\/","url":"https:\/\/goodbugs.ca\/fr\/les-guepes-parasites\/nous-contacter\/","name":"Impacts \u00c9conomiques - Goodbugs","isPartOf":{"@id":"https:\/\/goodbugs.ca\/#website"},"datePublished":"2020-02-12T23:23:00+00:00","dateModified":"2020-02-14T06:49:50+00:00","breadcrumb":{"@id":"https:\/\/goodbugs.ca\/fr\/les-guepes-parasites\/nous-contacter\/#breadcrumb"},"inLanguage":"fr-FR","potentialAction":[{"@type":"ReadAction","target":["https:\/\/goodbugs.ca\/fr\/les-guepes-parasites\/nous-contacter\/"]}]},{"@type":"BreadcrumbList","@id":"https:\/\/goodbugs.ca\/fr\/les-guepes-parasites\/nous-contacter\/#breadcrumb","itemListElement":[{"@type":"ListItem","position":1,"name":"Home","item":"https:\/\/goodbugs.ca\/fr\/"},{"@type":"ListItem","position":2,"name":"Les Gu\u00eapes Parasites","item":"https:\/\/goodbugs.ca\/fr\/les-guepes-parasites\/"},{"@type":"ListItem","position":3,"name":"Impacts \u00c9conomiques"}]},{"@type":"WebSite","@id":"https:\/\/goodbugs.ca\/#website","url":"https:\/\/goodbugs.ca\/","name":"Goodbugs","description":"","potentialAction":[{"@type":"SearchAction","target":{"@type":"EntryPoint","urlTemplate":"https:\/\/goodbugs.ca\/?s={search_term_string}"},"query-input":{"@type":"PropertyValueSpecification","valueRequired":true,"valueName":"search_term_string"}}],"inLanguage":"fr-FR"}]}},"_links":{"self":[{"href":"https:\/\/goodbugs.ca\/fr\/wp-json\/wp\/v2\/pages\/311","targetHints":{"allow":["GET"]}}],"collection":[{"href":"https:\/\/goodbugs.ca\/fr\/wp-json\/wp\/v2\/pages"}],"about":[{"href":"https:\/\/goodbugs.ca\/fr\/wp-json\/wp\/v2\/types\/page"}],"author":[{"embeddable":true,"href":"https:\/\/goodbugs.ca\/fr\/wp-json\/wp\/v2\/users\/1"}],"replies":[{"embeddable":true,"href":"https:\/\/goodbugs.ca\/fr\/wp-json\/wp\/v2\/comments?post=311"}],"version-history":[{"count":2,"href":"https:\/\/goodbugs.ca\/fr\/wp-json\/wp\/v2\/pages\/311\/revisions"}],"predecessor-version":[{"id":442,"href":"https:\/\/goodbugs.ca\/fr\/wp-json\/wp\/v2\/pages\/311\/revisions\/442"}],"up":[{"embeddable":true,"href":"https:\/\/goodbugs.ca\/fr\/wp-json\/wp\/v2\/pages\/299"}],"wp:attachment":[{"href":"https:\/\/goodbugs.ca\/fr\/wp-json\/wp\/v2\/media?parent=311"}],"curies":[{"name":"wp","href":"https:\/\/api.w.org\/{rel}","templated":true}]}}