{"id":310,"date":"2020-02-12T15:21:36","date_gmt":"2020-02-12T23:21:36","guid":{"rendered":"https:\/\/goodbugs.ca\/_future\/les-guepes-parasites\/la-lutte-integree-contre-les-especes-nuisibles\/"},"modified":"2020-02-13T22:39:41","modified_gmt":"2020-02-14T06:39:41","slug":"la-lutte-integree-contre-les-especes-nuisibles","status":"publish","type":"page","link":"https:\/\/goodbugs.ca\/fr\/les-guepes-parasites\/la-lutte-integree-contre-les-especes-nuisibles\/","title":{"rendered":"La Lutte Int\u00e9gr\u00e9e Contre les Esp\u00e8ces Nuisibles"},"content":{"rendered":"<h3>Comprendre la lutte int\u00e9gr\u00e9e contre les esp\u00e8ces nuisibles<\/h3>\n<p>Les composantes de lutte de base sont : la lutte\u00a0culturale,\u00a0la lutte\u00a0biologique\u00a0et la lutte\u00a0chimique. Ce type d\u2019intervention demande une connaissance sp\u00e9cifique de certains comportements et cycles de vie des esp\u00e8ces que l\u2019on veut neutraliser. Dans le cas d\u2019un programme de lutte int\u00e9gr\u00e9e contre les mouches, on a cibl\u00e9 trois \u00e9l\u00e9ments-cl\u00e9s n\u00e9cessaires \u00e0 leur reproduction. Les mouches ont essentiellement besoin, pour se reproduire, de 3 \u00e9l\u00e9ments;\u00a0nourriture\u00a0(fumier, compost),\u00a0humidit\u00e9\u00a0et\u00a0chaleur.\u00a0Gardez \u00e0 l\u2019esprit ces trois \u00e9l\u00e9ments pendant votre lecture sur les composantes de la lutte int\u00e9gr\u00e9e contre les mouches. Ceci vous aidera \u00e0 comprendre comment chaque m\u00e9thode contribue au contr\u00f4le des populations.<\/p>\n<h3>Le contr\u00f4le par la lutte culturale<\/h3>\n<p>La lutte culturale consiste \u00e0 interrompre le cycle biologique des organismes nuisibles cibles en modifiant certaines pratiques de culture ou d\u2019\u00e9levage. Pour la mouche, le fumier et le compost sont \u00e0 la fois leur source de nourriture et leur substrat de reproduction. La gestion du fumier est donc un \u00e9l\u00e9ment d\u00e9terminant dans le contr\u00f4le des mouches sur une ferme. Une bonne gestion du fumier est un \u00e9l\u00e9ment cl\u00e9 pour r\u00e9duire le nombre de sites favorables \u00e0 la reproduction de la mouche.<\/p>\n<p>L\u2019intervention la plus efficace et la plus simple de contr\u00f4le des mouches dans la gestion du fumier est de nettoyer r\u00e9guli\u00e8rement les \u00e9tables, les granges et les enclos. Un minimum d\u2019une fois par semaine quand c\u2019est possible est fortement recommand\u00e9.<\/p>\n<p>Transporter le fumier hors de la ferme \u00e0 un intervalle d\u2019une ou deux semaines est id\u00e9al pour r\u00e9duire le nombre de mouches, mais ceci est rarement possible. Une autre option est d\u2019accumuler le fumier en un seul et m\u00eame tas afin de diminuer la surface de reproduction disponible pour les mouches. Le compostage du fumier g\u00e9n\u00e8re aussi une \u00e9l\u00e9vation de la chaleur au centre du tas ce qui d\u00e9truira les \u0153ufs de mouches. Les \u0153ufs qui survivront en surface seront facilement accessibles aux parasites de mouches qui les utiliseront pour pondre leurs \u0153ufs.<\/p>\n<p>Une autre excellente m\u00e9thode de gestion du fumier pendant la saison s\u00e8che est de passer une herse ou trainer une chaine dans les enclos et les p\u00e2turages. Le fumier est donc \u00e9tal\u00e9 et fragment\u00e9, il s\u2019ass\u00e8che rapidement ce qui emp\u00eache les mouches de s\u2019y reproduire. Il est important de savoir que le cycle de d\u00e9veloppement larvaire de la mouche est en moyenne de sept jours. Si le fumier ne s\u2019ass\u00e8che pas pendant cette p\u00e9riode, l\u2019\u00e9taler aura plut\u00f4t comme effet d\u2019augmenter la surface de reproduction disponible pour la mouche et de d\u00e9cupler le probl\u00e8me. Si vous \u00eates dans une r\u00e9gion humide, l\u2019id\u00e9al est d\u2019attendre le refroidissement des temp\u00e9ratures \u00e0 l\u2019automne avant d\u2019\u00e9pandre le fumier.<\/p>\n<p>Si le fumier est conserv\u00e9 dans un endroit clos (p. ex. une \u00e9table) pour une longue p\u00e9riode, installez une ventilation ad\u00e9quate et essayez de favoriser la formation d\u2019une cro\u00fbte solide sur le fumier. Les mouches ont besoin entre 35-70 % d\u2019humidit\u00e9 pendant le stade larvaire de leur d\u00e9veloppement. Une cro\u00fbte s\u00e8che de fumier diminuera leur taux de survie.<\/p>\n<p>Assurez-vous que les espaces autour de l\u2019\u00e9table et des enclos sont aussi s\u00e8ches que possible. Rep\u00e9rez et r\u00e9parez toute fuite d\u2019eau et essayez de r\u00e9duire la superficie des endroits humides car ce sont les sites naturels de ponte de la mouche.<\/p>\n<p>Le nombre d\u2019\u0153ufs de mouches peut aussi \u00eatre contr\u00f4l\u00e9e en manipulant l\u2019\u00e9tat du fumier. La majorit\u00e9 des fermes laiti\u00e8re et porcines ont des fosses liquides et les mouches ne peuvent pas se reproduire dans la partie liquide du fumier. Contrairement au fumier solide, la formation d\u2019une cro\u00fbte \u00e0 la surface du fumier liquide offre un espace de reproduction suppl\u00e9mentaire pour la mouche et devrait \u00eatre trait\u00e9 avec des parasites de mouches. Certains fermiers agitent le liquide dans la fosse ce qui pr\u00e9vient la formation d\u2019une cro\u00fbte et r\u00e9duit efficacement la production d\u2019\u0153ufs de mouches. Dans ce cas, seul le pourtour de la fosse devient un site de reproduction potentiel \u00e0 traiter.<\/p>\n<p>Ce ne sont pas toutes les mouches qui se reproduisent dans le fumier et plusieurs\u00a0<a href=\"https:\/\/goodbugs.ca\/index.php?p=10_6_Les-Mouches-qui-sont-cibles\">mouches piqueuses<\/a>\u00a0se reproduisent dans la v\u00e9g\u00e9tation en d\u00e9composition. Le compost doit donc \u00eatre trait\u00e9 en m\u00eame temps que le fumier.<\/p>\n<p>Toutes les actions nomm\u00e9es ci-dessus vont aider \u00e0 r\u00e9duire les populations de mouches sur votre propri\u00e9t\u00e9 par contre, il y aura des mouches qui vont migrer des fermes voisines et quelques-unes qui vont survivre aux gu\u00eapes. L\u2019utilisation de pi\u00e8ges \u00e0 mouches et de rubans collants attrape-mouches va aider \u00e0 r\u00e9duire le nombre de mouches adultes pouvant se reproduire tout en vous permettant d\u2019effectuer le suivi des populations de mouches.<\/p>\n<h3>Le contr\u00f4le biologique<\/h3>\n<p>Le contr\u00f4le biologique consiste \u00e0 utiliser un organisme vivant pour en contr\u00f4ler un autre. L\u2019utilisation des gu\u00eapes parasites pour contr\u00f4ler les populations de mouches est la composante biologique d\u2019un programme de lutte int\u00e9gr\u00e9e contre les mouches. Pour chaque mouche adulte que vous voyez, il y a quatre ou cinq mouches en d\u00e9veloppement (au stade d\u2019\u0153uf, de larve ou de pupe), ce qui repr\u00e9sente 85% du nombre total de mouches sur une ferme. Les gu\u00eapes parasites vous permettent donc de vous attaquer directement \u00e0 85% des mouches dans vos installations \u00e0 un stade de leur d\u00e9veloppement qui les emp\u00eachera de se reproduire. Les parasites de mouches \u00e9liminent les pupes de mouches. La diminution du nombre de mouches qui \u00e9closent est critique pour limiter la pr\u00e9sence des mouches \u00e0 long terme. Moins il y a d\u2019adultes qui se d\u00e9veloppent, moins il y a d\u2019\u0153ufs, moins il y a de larves \u00e0 parasiter et plus les gu\u00eapes parasites sont efficaces.<\/p>\n<p>Rappelez-vous qu\u2019il est plus facile de pr\u00e9venir une augmentation de la population que de lutter contre une population nombreuse bien \u00e9tablie. La raison est simple ; les mouches pondent plus d\u2019\u0153ufs et ont un cycle de vie plus court que les gu\u00eapes parasites. Si le probl\u00e8me est pris de front, les parasites vont avoir moins de pupes \u00e0 attaquer d\u00e8s le d\u00e9but et vont atteindre un niveau de contr\u00f4le de la population de mouche plus rapidement.<\/p>\n<p>Les parasites peuvent aussi \u00eatre utilis\u00e9s pour contr\u00f4ler une population de mouches d\u00e9j\u00e0 \u00e9tablie. Cependant, ceci n\u00e9cessite une augmentation du nombre de parasites introduits pour les deux premi\u00e8res applications au moins et ce sera plus long avant d\u2019observer une diminution de la population.<\/p>\n<p>D\u2019autres m\u00e9thodes de contr\u00f4le biologique sont disponibles et peuvent \u00eatre utilis\u00e9es en parall\u00e8le avec les parasites de mouches comme l\u2019installation de bo\u00eetes de nidification pour les hirondelles. Les araign\u00e9es sont aussi des alli\u00e9es dans la lutte contre les mouches.<\/p>\n<h3>Le contr\u00f4le chimique<\/h3>\n<p>La population de mouches adultes est principalement constitu\u00e9e de mouches qui se d\u00e9veloppent sur votre ferme et de mouches qui migrent des propri\u00e9t\u00e9s voisines. Alors qu\u2019il est possible d\u2019\u00e9tablir un programme de contr\u00f4le des mouches sur la ferme, il n\u2019est pas possible de contr\u00f4ler celles qui migrent des propri\u00e9t\u00e9s voisines avant qu\u2019elles n\u2019arrivent. Il est donc imp\u00e9ratif que ces mouches adultes soient neutralis\u00e9es pour obtenir une solution durable et \u00e9viter qu\u2019elles ne viennent pondre leurs \u0153ufs. Il existe plusieurs m\u00e9thodes de lutte chimique tel les app\u00e2ts, les trappes \u00e0 mouches, les rubans collants et les pulv\u00e9risateurs insecticides<\/p>\n<p>L\u2019utilisation d\u2019app\u00e2ts et de trappes \u00e0 mouches sont d\u2019excellentes m\u00e9thodes pour diminuer la population de mouches adultes. Les app\u00e2ts, les trappes et les rubans, par opposition \u00e0 la pulv\u00e9risation d\u2019insecticides chimiques, agissent de fa\u00e7on locale et cibl\u00e9e; seules les mouches sont tu\u00e9es. Ces m\u00e9thodes n\u2019interf\u00e8rent pas avec les m\u00e9thodes de contr\u00f4le biologique comme l\u2019utilisation des gu\u00eapes parasites alors que les insecticides vont tuer tous les insectes volants et ont un effet n\u00e9gatif sur les gu\u00eapes parasites. Par contre, comme pour tous les traitements chimiques, on observe le d\u00e9veloppement de r\u00e9sistance aux app\u00e2ts chez les mouches. Il est recommand\u00e9 d\u2019utiliser diff\u00e9rentes sortes d\u2019app\u00e2ts en alternance pour plus d\u2019efficacit\u00e9.<\/p>\n<p>Les app\u00e2ts, les trappes et les rubans collants \u00e0 mouches vont r\u00e9duire les populations de mouches adultes et ainsi r\u00e9duire le nombre d\u2019\u0153ufs pondus puis le nombre de larves et de pupes. Les gu\u00eapes parasites auront alors avoir moins d\u2019\u0153ufs \u00e0 parasiter et la population sera rapidement r\u00e9duite \u00e0 un niveau acceptable.<\/p>\n<h3>R\u00e9sum\u00e9<\/h3>\n<p>Il n\u2019y a pas de m\u00e9thode qui \u00e9radique les mouches \u00e0 100%. L\u2019objectif d\u2019un programme de contr\u00f4le des mouches efficace est de r\u00e9duire la population de mouches \u00e0 un niveau acceptable pour vous et\/ou votre b\u00e9tail et\/ou vos employ\u00e9s. Certains individus ont une tr\u00e8s faible tol\u00e9rance aux mouches et veulent un programme de contr\u00f4le tr\u00e8s agressif. D\u2019autres sont en mesure d\u2019accepter une plus grande concentration de mouches et fourniront moins d\u2019efforts pour contr\u00f4ler les populations. Peu importe le niveau de tol\u00e9rance de chaque individu, la strat\u00e9gie la plus efficace et la plus rentable pour contr\u00f4ler les mouches est la lutte int\u00e9gr\u00e9e qui combine l\u2019utilisation des gu\u00eapes parasites (pour contr\u00f4ler les mouches en d\u00e9veloppement), et l\u2019utilisation de trappes, app\u00e2ts et rubans collants \u00e0 mouches pour tuer les mouches adultes. L\u2019utilisation de deux approches en simultan\u00e9 et le d\u00e9veloppement d\u2019un programme de gestion du fumier ad\u00e9quat offre une excellente m\u00e9thode de contr\u00f4le des mouches \u00e0 prix comp\u00e9titif et ce, sans l\u2019utilisation de pesticides chimiques.<\/p>\n","protected":false},"excerpt":{"rendered":"<p>Comprendre la lutte int\u00e9gr\u00e9e contre les esp\u00e8ces nuisibles Les composantes de lutte de base sont : la lutte\u00a0culturale,\u00a0la lutte\u00a0biologique\u00a0et la lutte\u00a0chimique. Ce type d\u2019intervention demande une connaissance sp\u00e9cifique de certains comportements et cycles de vie des&#8230;<\/p>\n","protected":false},"author":1,"featured_media":0,"parent":299,"menu_order":5,"comment_status":"closed","ping_status":"closed","template":"","meta":{"_acf_changed":false,"inline_featured_image":false,"footnotes":""},"class_list":["post-310","page","type-page","status-publish","hentry"],"acf":[],"yoast_head":"<!-- This site is optimized with the Yoast SEO plugin v26.9 - https:\/\/yoast.com\/product\/yoast-seo-wordpress\/ -->\n<title>La Lutte Int\u00e9gr\u00e9e Contre les Esp\u00e8ces Nuisibles - Goodbugs<\/title>\n<meta name=\"robots\" content=\"index, follow, max-snippet:-1, max-image-preview:large, max-video-preview:-1\" \/>\n<link rel=\"canonical\" href=\"https:\/\/goodbugs.ca\/fr\/les-guepes-parasites\/la-lutte-integree-contre-les-especes-nuisibles\/\" \/>\n<meta property=\"og:locale\" content=\"fr_FR\" \/>\n<meta property=\"og:type\" content=\"article\" \/>\n<meta property=\"og:title\" content=\"La Lutte Int\u00e9gr\u00e9e Contre les Esp\u00e8ces Nuisibles - Goodbugs\" \/>\n<meta property=\"og:description\" content=\"Comprendre la lutte int\u00e9gr\u00e9e contre les esp\u00e8ces nuisibles Les composantes de lutte de base sont : la lutte\u00a0culturale,\u00a0la lutte\u00a0biologique\u00a0et la lutte\u00a0chimique. Ce type d\u2019intervention demande une connaissance sp\u00e9cifique de certains comportements et cycles de vie des...\" \/>\n<meta property=\"og:url\" content=\"https:\/\/goodbugs.ca\/fr\/les-guepes-parasites\/la-lutte-integree-contre-les-especes-nuisibles\/\" \/>\n<meta property=\"og:site_name\" content=\"Goodbugs\" \/>\n<meta property=\"article:modified_time\" content=\"2020-02-14T06:39:41+00:00\" \/>\n<meta property=\"og:image\" content=\"https:\/\/goodbugs.ca\/wp-content\/uploads\/2020\/03\/social.jpg\" \/>\n\t<meta property=\"og:image:width\" content=\"600\" \/>\n\t<meta property=\"og:image:height\" content=\"600\" \/>\n\t<meta property=\"og:image:type\" content=\"image\/jpeg\" \/>\n<meta name=\"twitter:card\" content=\"summary_large_image\" \/>\n<meta name=\"twitter:label1\" content=\"Dur\u00e9e de lecture estim\u00e9e\" \/>\n\t<meta name=\"twitter:data1\" content=\"9 minutes\" \/>\n<!-- \/ Yoast SEO plugin. -->","yoast_head_json":{"title":"La Lutte Int\u00e9gr\u00e9e Contre les Esp\u00e8ces Nuisibles - Goodbugs","robots":{"index":"index","follow":"follow","max-snippet":"max-snippet:-1","max-image-preview":"max-image-preview:large","max-video-preview":"max-video-preview:-1"},"canonical":"https:\/\/goodbugs.ca\/fr\/les-guepes-parasites\/la-lutte-integree-contre-les-especes-nuisibles\/","og_locale":"fr_FR","og_type":"article","og_title":"La Lutte Int\u00e9gr\u00e9e Contre les Esp\u00e8ces Nuisibles - Goodbugs","og_description":"Comprendre la lutte int\u00e9gr\u00e9e contre les esp\u00e8ces nuisibles Les composantes de lutte de base sont : la lutte\u00a0culturale,\u00a0la lutte\u00a0biologique\u00a0et la lutte\u00a0chimique. Ce type d\u2019intervention demande une connaissance sp\u00e9cifique de certains comportements et cycles de vie des...","og_url":"https:\/\/goodbugs.ca\/fr\/les-guepes-parasites\/la-lutte-integree-contre-les-especes-nuisibles\/","og_site_name":"Goodbugs","article_modified_time":"2020-02-14T06:39:41+00:00","og_image":[{"width":600,"height":600,"url":"https:\/\/goodbugs.ca\/wp-content\/uploads\/2020\/03\/social.jpg","type":"image\/jpeg"}],"twitter_card":"summary_large_image","twitter_misc":{"Dur\u00e9e de lecture estim\u00e9e":"9 minutes"},"schema":{"@context":"https:\/\/schema.org","@graph":[{"@type":"WebPage","@id":"https:\/\/goodbugs.ca\/fr\/les-guepes-parasites\/la-lutte-integree-contre-les-especes-nuisibles\/","url":"https:\/\/goodbugs.ca\/fr\/les-guepes-parasites\/la-lutte-integree-contre-les-especes-nuisibles\/","name":"La Lutte Int\u00e9gr\u00e9e Contre les Esp\u00e8ces Nuisibles - Goodbugs","isPartOf":{"@id":"https:\/\/goodbugs.ca\/#website"},"datePublished":"2020-02-12T23:21:36+00:00","dateModified":"2020-02-14T06:39:41+00:00","breadcrumb":{"@id":"https:\/\/goodbugs.ca\/fr\/les-guepes-parasites\/la-lutte-integree-contre-les-especes-nuisibles\/#breadcrumb"},"inLanguage":"fr-FR","potentialAction":[{"@type":"ReadAction","target":["https:\/\/goodbugs.ca\/fr\/les-guepes-parasites\/la-lutte-integree-contre-les-especes-nuisibles\/"]}]},{"@type":"BreadcrumbList","@id":"https:\/\/goodbugs.ca\/fr\/les-guepes-parasites\/la-lutte-integree-contre-les-especes-nuisibles\/#breadcrumb","itemListElement":[{"@type":"ListItem","position":1,"name":"Home","item":"https:\/\/goodbugs.ca\/fr\/"},{"@type":"ListItem","position":2,"name":"Les Gu\u00eapes Parasites","item":"https:\/\/goodbugs.ca\/fr\/les-guepes-parasites\/"},{"@type":"ListItem","position":3,"name":"La Lutte Int\u00e9gr\u00e9e Contre les Esp\u00e8ces Nuisibles"}]},{"@type":"WebSite","@id":"https:\/\/goodbugs.ca\/#website","url":"https:\/\/goodbugs.ca\/","name":"Goodbugs","description":"","potentialAction":[{"@type":"SearchAction","target":{"@type":"EntryPoint","urlTemplate":"https:\/\/goodbugs.ca\/?s={search_term_string}"},"query-input":{"@type":"PropertyValueSpecification","valueRequired":true,"valueName":"search_term_string"}}],"inLanguage":"fr-FR"}]}},"_links":{"self":[{"href":"https:\/\/goodbugs.ca\/fr\/wp-json\/wp\/v2\/pages\/310","targetHints":{"allow":["GET"]}}],"collection":[{"href":"https:\/\/goodbugs.ca\/fr\/wp-json\/wp\/v2\/pages"}],"about":[{"href":"https:\/\/goodbugs.ca\/fr\/wp-json\/wp\/v2\/types\/page"}],"author":[{"embeddable":true,"href":"https:\/\/goodbugs.ca\/fr\/wp-json\/wp\/v2\/users\/1"}],"replies":[{"embeddable":true,"href":"https:\/\/goodbugs.ca\/fr\/wp-json\/wp\/v2\/comments?post=310"}],"version-history":[{"count":2,"href":"https:\/\/goodbugs.ca\/fr\/wp-json\/wp\/v2\/pages\/310\/revisions"}],"predecessor-version":[{"id":440,"href":"https:\/\/goodbugs.ca\/fr\/wp-json\/wp\/v2\/pages\/310\/revisions\/440"}],"up":[{"embeddable":true,"href":"https:\/\/goodbugs.ca\/fr\/wp-json\/wp\/v2\/pages\/299"}],"wp:attachment":[{"href":"https:\/\/goodbugs.ca\/fr\/wp-json\/wp\/v2\/media?parent=310"}],"curies":[{"name":"wp","href":"https:\/\/api.w.org\/{rel}","templated":true}]}}