{"id":307,"date":"2020-02-12T15:15:23","date_gmt":"2020-02-12T23:15:23","guid":{"rendered":"https:\/\/goodbugs.ca\/_future\/les-guepes-parasites\/les-especes-cibles\/"},"modified":"2021-02-08T16:03:17","modified_gmt":"2021-02-09T00:03:17","slug":"les-especes-cibles","status":"publish","type":"page","link":"https:\/\/goodbugs.ca\/fr\/les-guepes-parasites\/les-especes-cibles\/","title":{"rendered":"Les Esp\u00e8ces Cibles"},"content":{"rendered":"<p>Vous trouverez ci-dessous une liste des mouches les plus courantes dans les fermes Canadiennes.<\/p>\n<table border=\"0\" cellpadding=\"0\">\n<tbody>\n<tr>\n<td width=\"133\"><strong>Type de mouche<\/strong><\/td>\n<td width=\"133\"><strong>Mord<\/strong><\/td>\n<td width=\"133\"><strong>Nuisible<\/strong><\/td>\n<td width=\"200\"><strong>Cible des gu\u00eapes parasites<\/strong><\/td>\n<\/tr>\n<tr>\n<td width=\"133\">Mouche noire<\/td>\n<td width=\"133\">Oui<\/td>\n<td width=\"133\">Oui<\/td>\n<td width=\"200\">Certaines<\/td>\n<\/tr>\n<tr>\n<td width=\"133\">Mouche faciale<\/td>\n<td width=\"133\">Oui<\/td>\n<td width=\"133\">Oui<\/td>\n<td width=\"200\">Oui<\/td>\n<\/tr>\n<tr>\n<td width=\"133\">\u0152stre<\/td>\n<td width=\"133\">Non<\/td>\n<td width=\"133\">Oui<\/td>\n<td width=\"200\">Oui<\/td>\n<\/tr>\n<tr>\n<td width=\"133\">Poll\u00e9nie du lombric<\/td>\n<td width=\"133\">Non<\/td>\n<td width=\"133\">Oui<\/td>\n<td width=\"200\">Oui<\/td>\n<\/tr>\n<tr>\n<td width=\"133\">Mouche \u00e0 chevreuils<\/td>\n<td width=\"133\">Oui<\/td>\n<td width=\"133\">Oui<\/td>\n<td width=\"200\">Oui<\/td>\n<\/tr>\n<tr>\n<td width=\"133\">Mouche des cornes<\/td>\n<td width=\"133\">Oui<\/td>\n<td width=\"133\">Oui<\/td>\n<td width=\"200\">Oui<\/td>\n<\/tr>\n<tr>\n<td width=\"133\">Mouche des chevaux<\/td>\n<td width=\"133\">Oui<\/td>\n<td width=\"133\">Oui<\/td>\n<td width=\"200\">Certaines<\/td>\n<\/tr>\n<tr>\n<td width=\"133\">Mouche domestique<\/td>\n<td width=\"133\">Non<\/td>\n<td width=\"133\">Oui<\/td>\n<td width=\"200\">Oui<\/td>\n<\/tr>\n<tr>\n<td width=\"133\">Mouche des \u00e9tables<\/td>\n<td width=\"133\">Oui<\/td>\n<td width=\"133\">Oui<\/td>\n<td width=\"200\">Oui<\/td>\n<\/tr>\n<\/tbody>\n<\/table>\n<p>&nbsp;<\/p>\n<h3>Mouche des cornes (Haematobia irritants)<\/h3>\n<p><strong>Description<\/strong><\/p>\n<ul>\n<li>Mesure de 3 \u00e0 5 mm de long<\/li>\n<li>Poss\u00e8de un rostre per\u00e7ant<\/li>\n<\/ul>\n<p><strong>Cycle de vie<\/strong><\/p>\n<ul>\n<li>Cycle de vie compl\u00e9t\u00e9 en 7 \u00e0 21 jours<\/li>\n<li>L\u2019adulte passe sa vie compl\u00e8te sur le b\u00e9tail<\/li>\n<li>La femelle pond jusqu\u2019\u00e0 500 petits \u0153ufs bruns-rouges dans le fumier frais<\/li>\n<li>Les \u0153ufs \u00e9closent en quelques heures et les larves se transforment en pupes en 10 \u00e0 12 jours<\/li>\n<\/ul>\n<p><strong>Sources de nourriture<\/strong><\/p>\n<ul>\n<li>Se nourrit du sang des animaux; vie sur ou autour des \u00e9paules et du dos des animaux et vont sur le ventre pendant les journ\u00e9es chaudes ou lors de grosses pluies.<\/li>\n<li>Les larves vivent dans le fumier frais<\/li>\n<\/ul>\n<p><strong>Indicateurs de leur pr\u00e9sence<\/strong><\/p>\n<ul>\n<li>Agitation de la queue<\/li>\n<li>Irritation visible<\/li>\n<li>Amas de mouches sur l\u2019animal<\/li>\n<\/ul>\n<p><strong>Risques pour la sant\u00e9<\/strong><\/p>\n<ul>\n<li>Peut causer de l\u2019an\u00e9mie, une perte de poids ou un ralentissement de la prise de poids, une diminution du temps de broutage et un affaiblissement g\u00e9n\u00e9ral de l\u2019animal<\/li>\n<\/ul>\n<p><img loading=\"lazy\" decoding=\"async\" class=\"alignnone size-full wp-image-425\" src=\"https:\/\/goodbugs.ca\/wp-content\/uploads\/2020\/02\/horn_fly.jpg\" alt=\"\" width=\"197\" height=\"248\" \/><\/p>\n<h3>Mouche faciale\u00a0<em>(Musca autumnalis)<\/em><\/h3>\n<p><strong>Description<\/strong><\/p>\n<ul>\n<li>Gris fonc\u00e9<\/li>\n<li>Quatre rayures noires sur le thorax<\/li>\n<li>Abdomen gris fonc\u00e9 chez le m\u00e2le, noir chez la femelle<\/li>\n<li>Flancs orang\u00e9s chez le male<\/li>\n<li>Mesure 7 \u00e0 8 mm de long<\/li>\n<\/ul>\n<p><strong>Cycle de vie<\/strong><\/p>\n<ul>\n<li>Cycle de vie compl\u00e9t\u00e9 en 14 \u00e0 18 jours<\/li>\n<li>Vivent g\u00e9n\u00e9ralement \u00e0 l\u2019int\u00e9rieur et autour des maisons et des b\u00e2timents de ferme<\/li>\n<li>La femelle pond jusqu\u2019\u00e0 150 petits \u0153ufs blancs dans le fumier frais<\/li>\n<li>Les \u0153ufs \u00e9closent en quelques heures pour donner une larve<\/li>\n<li>Les larves se transforment en pupes en 3 \u00e0 10 jours<\/li>\n<\/ul>\n<p><strong>Sources de nourriture<\/strong><\/p>\n<ul>\n<li>La femelle se nourrit du mucus et des s\u00e9cr\u00e9tions des yeux et des narines du b\u00e9tail et des chevaux ; le m\u00e2le se nourrit de nectar et de fumier principalement<\/li>\n<li>La femelle pond ses \u0153ufs dans le fumier frais<\/li>\n<\/ul>\n<p><strong>Indicateurs de pr\u00e9sence<\/strong><\/p>\n<ul>\n<li>Yeux rouges de l\u2019animal<\/li>\n<\/ul>\n<p><strong>Risques pour la sant\u00e9<\/strong><\/p>\n<ul>\n<li>Peut transmettre\u00a0<em>Moraxella bovis<\/em>, la bact\u00e9rie qui cause les yeux rouges chez le b\u00e9tail<\/li>\n<li>Diminue la prise de nourriture et peut occasionner une perte de poids<\/li>\n<\/ul>\n<p><img loading=\"lazy\" decoding=\"async\" class=\"alignnone size-full wp-image-427\" src=\"https:\/\/goodbugs.ca\/wp-content\/uploads\/2020\/02\/face_fly.jpg\" alt=\"\" width=\"259\" height=\"194\" \/><\/p>\n<h3>Mouche des \u00e9tables\u00a0<em>(Stomoxys calcitrans)<\/em><\/h3>\n<p><strong>Description<\/strong><\/p>\n<ul>\n<li>Abdomen gris fonc\u00e9<\/li>\n<li>4 rayures fonc\u00e9es sur le thorax<\/li>\n<li>Points noirs<\/li>\n<li>Mesure 5 \u00e0 8 mm<\/li>\n<\/ul>\n<p><strong>Cycle de vie<\/strong><\/p>\n<ul>\n<li>Cycle de vie compl\u00e9t\u00e9 en 3 \u00e0 6 semaines<\/li>\n<li>Vie g\u00e9n\u00e9ralement autour des b\u00e2timents de ferme<\/li>\n<li>La femelle adulte pond jusqu\u2019\u00e0 50 petits \u0153ufs blanch\u00e2tres dans des animaux en d\u00e9composition ou des d\u00e9tritus de plantes<\/li>\n<li>La larve atteint sa maturit\u00e9 en 12 \u00e0 21 jours<\/li>\n<\/ul>\n<p><strong>Source de nourriture<\/strong><\/p>\n<ul>\n<li>Se nourrit du sang des animaux de ferme et peut m\u00eame piquer les humains<\/li>\n<li>Les larves se nourrissent de fumier et de mati\u00e8re organique en d\u00e9composition comme l\u2019ensilage, du foin en d\u00e9composition et des restes de coupe d\u2019herbe<\/li>\n<\/ul>\n<p><strong>Indicateurs de pr\u00e9sence<\/strong><\/p>\n<ul>\n<li>Amas de mouches autour des animaux<\/li>\n<li>Agitation de la queue<\/li>\n<li>Animaux toujours en mouvement<\/li>\n<\/ul>\n<p><strong>Risques pour la sant\u00e9<\/strong><\/p>\n<ul>\n<li>Sa morsure est douloureuse et peut transmettre certains virus<\/li>\n<li>Diminue la prise de nourriture, peut occasionner un ralentissement de la prise de poids<\/li>\n<\/ul>\n<p><img loading=\"lazy\" decoding=\"async\" class=\"alignnone size-full wp-image-429\" src=\"https:\/\/goodbugs.ca\/wp-content\/uploads\/2020\/02\/house_fly.jpg\" alt=\"\" width=\"265\" height=\"190\" \/><\/p>\n<h3>Mouche domestique\u00a0<em>(Musca domestica)<\/em><\/h3>\n<p><strong>Description<\/strong><\/p>\n<ul>\n<li>Gris fonc\u00e9<\/li>\n<li>Quatre rayures fonc\u00e9es sur le thorax<\/li>\n<li>Abdomen jaun\u00e2tre sur les c\u00f4t\u00e9s<\/li>\n<li>Mesure 5 \u00e0 8 mm<\/li>\n<\/ul>\n<p><strong>Cycle de vie<\/strong><\/p>\n<ul>\n<li>Compl\u00e8te son cycle de vie en 10 \u00e0 21 jours<\/li>\n<li>La femelle pond jusqu\u2019\u00e0 150 \u0153ufs dans la mati\u00e8re organique en d\u00e9composition humide et chaude<\/li>\n<li>L\u2019\u0153uf \u00e9clot en 12 heures<\/li>\n<li>La larve se transforme en pupe dans le sol et mature en 5 \u00e0 30 jours<\/li>\n<\/ul>\n<p><strong>Source de nourriture<\/strong><\/p>\n<ul>\n<li>Fumier animal ou plante et animaux en d\u00e9composition<\/li>\n<li>La larve vie et se nourrit sur plusieurs substrats ayant un contenu \u00e9lev\u00e9 en bact\u00e9rie comme le fumier et la mati\u00e8re organique en d\u00e9composition<\/li>\n<\/ul>\n<p><strong>Indicateur de pr\u00e9sence<\/strong><\/p>\n<ul>\n<li>Laisse des t\u00e2ches d\u2019excr\u00e9ments o\u00f9 elle se pose<\/li>\n<li>L\u2019adulte vole autour des b\u00e2timents, de la nourriture et des animaux<\/li>\n<\/ul>\n<p><strong>Menaces pour la sant\u00e9<\/strong><\/p>\n<ul>\n<li>Peut \u00eatre porteuse de maladie comme le chol\u00e9ra, la dysenterie et l\u2019anthrax<\/li>\n<li>Laisse des t\u00e2ches faites d\u2019excr\u00e9ments qui sont difficiles \u00e0 nettoyer<\/li>\n<li>Ennuie les voisins, peut occasionner des poursuites et m\u00eame provoquer la fermeture d\u2019installations agricoles<\/li>\n<\/ul>\n<p><img loading=\"lazy\" decoding=\"async\" class=\"alignnone size-full wp-image-429\" src=\"https:\/\/goodbugs.ca\/wp-content\/uploads\/2020\/02\/house_fly.jpg\" alt=\"\" width=\"265\" height=\"190\" \/><\/p>\n<h3>Mouche \u00e0 chevreuil\u00a0<em>(<\/em><em>Chrysops sp<\/em><em>.)<\/em><\/h3>\n<p><strong>Description<\/strong><\/p>\n<ul>\n<li>Noire, jaune, ray\u00e9e noire et parfois grise<\/li>\n<li>Mesure de 5 \u00e0 12 mm de long<\/li>\n<\/ul>\n<p><strong>Cycle de vie<\/strong><\/p>\n<ul>\n<li>Typiquement une g\u00e9n\u00e9ration par ann\u00e9e<\/li>\n<li>Les \u0153ufs \u00e9closent en larve en 5 \u00e0 12 jours<\/li>\n<li>Les larves se transforment en pupes dans le sol en 6 \u00e0 12<\/li>\n<\/ul>\n<p><strong>Source de nourriture<\/strong><\/p>\n<ul>\n<li>Les femelles ont besoin de sang pour se reproduire<\/li>\n<li>Les larves vivent et se nourrissent sur diff\u00e9rents substrats comme le fumier et la mati\u00e8re organique en d\u00e9composition<\/li>\n<\/ul>\n<p><strong>Indication de pr\u00e9sence<\/strong><\/p>\n<ul>\n<li>Agitation de la queue<\/li>\n<li>Agitation g\u00e9n\u00e9rale de l\u2019animal<\/li>\n<\/ul>\n<p><strong>Menace<\/strong><\/p>\n<ul>\n<li>Peut porter diff\u00e9rentes maladies incluant l\u2019anaplasmose<\/li>\n<li>Des pertes de poids allant jusqu\u2019\u00e0 20% ont \u00e9t\u00e9 d\u00e9clar\u00e9es<\/li>\n<\/ul>\n<p><img loading=\"lazy\" decoding=\"async\" class=\"alignnone size-full wp-image-431\" src=\"https:\/\/goodbugs.ca\/wp-content\/uploads\/2020\/02\/deer_fly.jpg\" alt=\"\" width=\"276\" height=\"183\" \/><\/p>\n","protected":false},"excerpt":{"rendered":"<p>Vous trouverez ci-dessous une liste des mouches les plus courantes dans les fermes Canadiennes. Type de mouche Mord Nuisible Cible des gu\u00eapes parasites Mouche noire Oui Oui Certaines Mouche faciale Oui Oui Oui \u0152stre Non Oui&#8230;<\/p>\n","protected":false},"author":1,"featured_media":0,"parent":299,"menu_order":3,"comment_status":"closed","ping_status":"closed","template":"","meta":{"_acf_changed":false,"inline_featured_image":false,"footnotes":""},"class_list":["post-307","page","type-page","status-publish","hentry"],"acf":[],"yoast_head":"<!-- This site is optimized with the Yoast SEO plugin v26.9 - https:\/\/yoast.com\/product\/yoast-seo-wordpress\/ -->\n<title>Les Esp\u00e8ces Cibles - Goodbugs<\/title>\n<meta name=\"robots\" content=\"index, follow, max-snippet:-1, max-image-preview:large, max-video-preview:-1\" \/>\n<link rel=\"canonical\" href=\"https:\/\/goodbugs.ca\/fr\/les-guepes-parasites\/les-especes-cibles\/\" \/>\n<meta property=\"og:locale\" content=\"fr_FR\" \/>\n<meta property=\"og:type\" content=\"article\" \/>\n<meta property=\"og:title\" content=\"Les Esp\u00e8ces Cibles - Goodbugs\" \/>\n<meta property=\"og:description\" content=\"Vous trouverez ci-dessous une liste des mouches les plus courantes dans les fermes Canadiennes. Type de mouche Mord Nuisible Cible des gu\u00eapes parasites Mouche noire Oui Oui Certaines Mouche faciale Oui Oui Oui \u0152stre Non Oui...\" \/>\n<meta property=\"og:url\" content=\"https:\/\/goodbugs.ca\/fr\/les-guepes-parasites\/les-especes-cibles\/\" \/>\n<meta property=\"og:site_name\" content=\"Goodbugs\" \/>\n<meta property=\"article:modified_time\" content=\"2021-02-09T00:03:17+00:00\" \/>\n<meta property=\"og:image\" content=\"https:\/\/goodbugs.ca\/wp-content\/uploads\/2020\/02\/horn_fly.jpg\" \/>\n<meta name=\"twitter:card\" content=\"summary_large_image\" \/>\n<meta name=\"twitter:label1\" content=\"Dur\u00e9e de lecture estim\u00e9e\" \/>\n\t<meta name=\"twitter:data1\" content=\"4 minutes\" \/>\n<!-- \/ Yoast SEO plugin. -->","yoast_head_json":{"title":"Les Esp\u00e8ces Cibles - Goodbugs","robots":{"index":"index","follow":"follow","max-snippet":"max-snippet:-1","max-image-preview":"max-image-preview:large","max-video-preview":"max-video-preview:-1"},"canonical":"https:\/\/goodbugs.ca\/fr\/les-guepes-parasites\/les-especes-cibles\/","og_locale":"fr_FR","og_type":"article","og_title":"Les Esp\u00e8ces Cibles - Goodbugs","og_description":"Vous trouverez ci-dessous une liste des mouches les plus courantes dans les fermes Canadiennes. Type de mouche Mord Nuisible Cible des gu\u00eapes parasites Mouche noire Oui Oui Certaines Mouche faciale Oui Oui Oui \u0152stre Non Oui...","og_url":"https:\/\/goodbugs.ca\/fr\/les-guepes-parasites\/les-especes-cibles\/","og_site_name":"Goodbugs","article_modified_time":"2021-02-09T00:03:17+00:00","og_image":[{"url":"https:\/\/goodbugs.ca\/wp-content\/uploads\/2020\/02\/horn_fly.jpg","type":"","width":"","height":""}],"twitter_card":"summary_large_image","twitter_misc":{"Dur\u00e9e de lecture estim\u00e9e":"4 minutes"},"schema":{"@context":"https:\/\/schema.org","@graph":[{"@type":"WebPage","@id":"https:\/\/goodbugs.ca\/fr\/les-guepes-parasites\/les-especes-cibles\/","url":"https:\/\/goodbugs.ca\/fr\/les-guepes-parasites\/les-especes-cibles\/","name":"Les Esp\u00e8ces Cibles - Goodbugs","isPartOf":{"@id":"https:\/\/goodbugs.ca\/#website"},"primaryImageOfPage":{"@id":"https:\/\/goodbugs.ca\/fr\/les-guepes-parasites\/les-especes-cibles\/#primaryimage"},"image":{"@id":"https:\/\/goodbugs.ca\/fr\/les-guepes-parasites\/les-especes-cibles\/#primaryimage"},"thumbnailUrl":"https:\/\/goodbugs.ca\/wp-content\/uploads\/2020\/02\/horn_fly.jpg","datePublished":"2020-02-12T23:15:23+00:00","dateModified":"2021-02-09T00:03:17+00:00","breadcrumb":{"@id":"https:\/\/goodbugs.ca\/fr\/les-guepes-parasites\/les-especes-cibles\/#breadcrumb"},"inLanguage":"fr-FR","potentialAction":[{"@type":"ReadAction","target":["https:\/\/goodbugs.ca\/fr\/les-guepes-parasites\/les-especes-cibles\/"]}]},{"@type":"ImageObject","inLanguage":"fr-FR","@id":"https:\/\/goodbugs.ca\/fr\/les-guepes-parasites\/les-especes-cibles\/#primaryimage","url":"https:\/\/goodbugs.ca\/wp-content\/uploads\/2020\/02\/horn_fly.jpg","contentUrl":"https:\/\/goodbugs.ca\/wp-content\/uploads\/2020\/02\/horn_fly.jpg"},{"@type":"BreadcrumbList","@id":"https:\/\/goodbugs.ca\/fr\/les-guepes-parasites\/les-especes-cibles\/#breadcrumb","itemListElement":[{"@type":"ListItem","position":1,"name":"Home","item":"https:\/\/goodbugs.ca\/fr\/"},{"@type":"ListItem","position":2,"name":"Les Gu\u00eapes Parasites","item":"https:\/\/goodbugs.ca\/fr\/les-guepes-parasites\/"},{"@type":"ListItem","position":3,"name":"Les Esp\u00e8ces Cibles"}]},{"@type":"WebSite","@id":"https:\/\/goodbugs.ca\/#website","url":"https:\/\/goodbugs.ca\/","name":"Goodbugs","description":"","potentialAction":[{"@type":"SearchAction","target":{"@type":"EntryPoint","urlTemplate":"https:\/\/goodbugs.ca\/?s={search_term_string}"},"query-input":{"@type":"PropertyValueSpecification","valueRequired":true,"valueName":"search_term_string"}}],"inLanguage":"fr-FR"}]}},"_links":{"self":[{"href":"https:\/\/goodbugs.ca\/fr\/wp-json\/wp\/v2\/pages\/307","targetHints":{"allow":["GET"]}}],"collection":[{"href":"https:\/\/goodbugs.ca\/fr\/wp-json\/wp\/v2\/pages"}],"about":[{"href":"https:\/\/goodbugs.ca\/fr\/wp-json\/wp\/v2\/types\/page"}],"author":[{"embeddable":true,"href":"https:\/\/goodbugs.ca\/fr\/wp-json\/wp\/v2\/users\/1"}],"replies":[{"embeddable":true,"href":"https:\/\/goodbugs.ca\/fr\/wp-json\/wp\/v2\/comments?post=307"}],"version-history":[{"count":6,"href":"https:\/\/goodbugs.ca\/fr\/wp-json\/wp\/v2\/pages\/307\/revisions"}],"predecessor-version":[{"id":530,"href":"https:\/\/goodbugs.ca\/fr\/wp-json\/wp\/v2\/pages\/307\/revisions\/530"}],"up":[{"embeddable":true,"href":"https:\/\/goodbugs.ca\/fr\/wp-json\/wp\/v2\/pages\/299"}],"wp:attachment":[{"href":"https:\/\/goodbugs.ca\/fr\/wp-json\/wp\/v2\/media?parent=307"}],"curies":[{"name":"wp","href":"https:\/\/api.w.org\/{rel}","templated":true}]}}