{"id":306,"date":"2020-02-12T15:13:57","date_gmt":"2020-02-12T23:13:57","guid":{"rendered":"https:\/\/goodbugs.ca\/_future\/les-guepes-parasites\/pourquoi-les-guepes-parasites-sont-elles-si-efficaces\/"},"modified":"2020-02-13T21:59:11","modified_gmt":"2020-02-14T05:59:11","slug":"pourquoi-les-guepes-parasites-sont-elles-si-efficaces","status":"publish","type":"page","link":"https:\/\/goodbugs.ca\/fr\/les-guepes-parasites\/pourquoi-les-guepes-parasites-sont-elles-si-efficaces\/","title":{"rendered":"Pourquoi les Gu\u00eapes Parasites Sont-Elles si Efficaces?"},"content":{"rendered":"<p>Comme ils n\u2019attaquent que la mouche adulte, qui repr\u00e9sente 15 \u00e0 20 % du nombre total de mouches, seule une petite partie de la population est neutralis\u00e9e. Les 80-85 % de mouches restantes sont en d\u00e9veloppement dans le fumier ou le compost et ne sont pas tu\u00e9es par les produits chimiques. En fait, plusieurs larves de mouches ing\u00e8rent des insecticides pr\u00e9sents \u00e0 la surface du fumier et d\u00e9veloppent une r\u00e9sistance. Les fermiers doivent appliquer une plus grande quantit\u00e9 d\u2019insecticide et ont de moins en moins de succ\u00e8s dans le contr\u00f4le des mouches. De plus, de plus en plus d\u2019\u00e9tudes d\u00e9montrent les effets adverses de ces produits sur l\u2019humain et l\u2019environnement.<\/p>\n<p><img loading=\"lazy\" decoding=\"async\" class=\"alignnone size-large wp-image-162\" src=\"https:\/\/goodbugs.ca\/wp-content\/uploads\/2020\/01\/diagram-controlling-flies-before-hatch-1200x528.jpg\" alt=\"\" width=\"1200\" height=\"528\" srcset=\"https:\/\/goodbugs.ca\/wp-content\/uploads\/2020\/01\/diagram-controlling-flies-before-hatch-1200x528.jpg 1200w, https:\/\/goodbugs.ca\/wp-content\/uploads\/2020\/01\/diagram-controlling-flies-before-hatch-600x264.jpg 600w, https:\/\/goodbugs.ca\/wp-content\/uploads\/2020\/01\/diagram-controlling-flies-before-hatch-768x338.jpg 768w, https:\/\/goodbugs.ca\/wp-content\/uploads\/2020\/01\/diagram-controlling-flies-before-hatch-1536x676.jpg 1536w, https:\/\/goodbugs.ca\/wp-content\/uploads\/2020\/01\/diagram-controlling-flies-before-hatch.jpg 1886w\" sizes=\"auto, (max-width: 1200px) 100vw, 1200px\" \/><\/p>\n<p>Il n\u2019en est pas moins important de contr\u00f4ler les mouches adultes, mais nous pr\u00e9f\u00e9rons l\u2019utilisation des app\u00e2ts \u00e0 mouches et rubans englu\u00e9s, car ils n\u2019ont pas d\u2019effet n\u00e9gatif sur l\u2019homme et l\u2019environnement; ils agissent de fa\u00e7on localis\u00e9e.<\/p>\n<p>Les gu\u00eapes parasites ne sont ni dangereuses pour l\u2019humain, ni pour l\u2019environnement et elles ciblent les mouches en d\u00e9veloppement. 85 % de la population se trouvent \u00e0 chaque instant \u00e0 un de ces stades de d\u00e9veloppement (\u0153uf, larve ou pupe), les mouches sont donc tu\u00e9es avant de devenir adultes et de pouvoir se reproduire.<\/p>\n","protected":false},"excerpt":{"rendered":"<p>Comme ils n\u2019attaquent que la mouche adulte, qui repr\u00e9sente 15 \u00e0 20 % du nombre total de mouches, seule une petite partie de la population est neutralis\u00e9e. Les 80-85 % de mouches restantes sont en d\u00e9veloppement&#8230;<\/p>\n","protected":false},"author":1,"featured_media":0,"parent":299,"menu_order":2,"comment_status":"closed","ping_status":"closed","template":"","meta":{"_acf_changed":false,"inline_featured_image":false,"footnotes":""},"class_list":["post-306","page","type-page","status-publish","hentry"],"acf":[],"yoast_head":"<!-- This site is optimized with the Yoast SEO plugin v26.9 - https:\/\/yoast.com\/product\/yoast-seo-wordpress\/ -->\n<title>Pourquoi les Gu\u00eapes Parasites Sont-Elles si Efficaces? - Goodbugs<\/title>\n<meta name=\"robots\" content=\"index, follow, max-snippet:-1, max-image-preview:large, max-video-preview:-1\" \/>\n<link rel=\"canonical\" href=\"https:\/\/goodbugs.ca\/fr\/les-guepes-parasites\/pourquoi-les-guepes-parasites-sont-elles-si-efficaces\/\" \/>\n<meta property=\"og:locale\" content=\"fr_FR\" \/>\n<meta property=\"og:type\" content=\"article\" \/>\n<meta property=\"og:title\" content=\"Pourquoi les Gu\u00eapes Parasites Sont-Elles si Efficaces? - Goodbugs\" \/>\n<meta property=\"og:description\" content=\"Comme ils n\u2019attaquent que la mouche adulte, qui repr\u00e9sente 15 \u00e0 20 % du nombre total de mouches, seule une petite partie de la population est neutralis\u00e9e. Les 80-85 % de mouches restantes sont en d\u00e9veloppement...\" \/>\n<meta property=\"og:url\" content=\"https:\/\/goodbugs.ca\/fr\/les-guepes-parasites\/pourquoi-les-guepes-parasites-sont-elles-si-efficaces\/\" \/>\n<meta property=\"og:site_name\" content=\"Goodbugs\" \/>\n<meta property=\"article:modified_time\" content=\"2020-02-14T05:59:11+00:00\" \/>\n<meta property=\"og:image\" content=\"https:\/\/goodbugs.ca\/wp-content\/uploads\/2020\/01\/diagram-controlling-flies-before-hatch-1200x528.jpg\" \/>\n<meta name=\"twitter:card\" content=\"summary_large_image\" \/>\n<meta name=\"twitter:label1\" content=\"Dur\u00e9e de lecture estim\u00e9e\" \/>\n\t<meta name=\"twitter:data1\" content=\"1 minute\" \/>\n<!-- \/ Yoast SEO plugin. -->","yoast_head_json":{"title":"Pourquoi les Gu\u00eapes Parasites Sont-Elles si Efficaces? - Goodbugs","robots":{"index":"index","follow":"follow","max-snippet":"max-snippet:-1","max-image-preview":"max-image-preview:large","max-video-preview":"max-video-preview:-1"},"canonical":"https:\/\/goodbugs.ca\/fr\/les-guepes-parasites\/pourquoi-les-guepes-parasites-sont-elles-si-efficaces\/","og_locale":"fr_FR","og_type":"article","og_title":"Pourquoi les Gu\u00eapes Parasites Sont-Elles si Efficaces? - Goodbugs","og_description":"Comme ils n\u2019attaquent que la mouche adulte, qui repr\u00e9sente 15 \u00e0 20 % du nombre total de mouches, seule une petite partie de la population est neutralis\u00e9e. Les 80-85 % de mouches restantes sont en d\u00e9veloppement...","og_url":"https:\/\/goodbugs.ca\/fr\/les-guepes-parasites\/pourquoi-les-guepes-parasites-sont-elles-si-efficaces\/","og_site_name":"Goodbugs","article_modified_time":"2020-02-14T05:59:11+00:00","og_image":[{"url":"https:\/\/goodbugs.ca\/wp-content\/uploads\/2020\/01\/diagram-controlling-flies-before-hatch-1200x528.jpg","type":"","width":"","height":""}],"twitter_card":"summary_large_image","twitter_misc":{"Dur\u00e9e de lecture estim\u00e9e":"1 minute"},"schema":{"@context":"https:\/\/schema.org","@graph":[{"@type":"WebPage","@id":"https:\/\/goodbugs.ca\/fr\/les-guepes-parasites\/pourquoi-les-guepes-parasites-sont-elles-si-efficaces\/","url":"https:\/\/goodbugs.ca\/fr\/les-guepes-parasites\/pourquoi-les-guepes-parasites-sont-elles-si-efficaces\/","name":"Pourquoi les Gu\u00eapes Parasites Sont-Elles si Efficaces? - Goodbugs","isPartOf":{"@id":"https:\/\/goodbugs.ca\/#website"},"primaryImageOfPage":{"@id":"https:\/\/goodbugs.ca\/fr\/les-guepes-parasites\/pourquoi-les-guepes-parasites-sont-elles-si-efficaces\/#primaryimage"},"image":{"@id":"https:\/\/goodbugs.ca\/fr\/les-guepes-parasites\/pourquoi-les-guepes-parasites-sont-elles-si-efficaces\/#primaryimage"},"thumbnailUrl":"https:\/\/goodbugs.ca\/wp-content\/uploads\/2020\/01\/diagram-controlling-flies-before-hatch-1200x528.jpg","datePublished":"2020-02-12T23:13:57+00:00","dateModified":"2020-02-14T05:59:11+00:00","breadcrumb":{"@id":"https:\/\/goodbugs.ca\/fr\/les-guepes-parasites\/pourquoi-les-guepes-parasites-sont-elles-si-efficaces\/#breadcrumb"},"inLanguage":"fr-FR","potentialAction":[{"@type":"ReadAction","target":["https:\/\/goodbugs.ca\/fr\/les-guepes-parasites\/pourquoi-les-guepes-parasites-sont-elles-si-efficaces\/"]}]},{"@type":"ImageObject","inLanguage":"fr-FR","@id":"https:\/\/goodbugs.ca\/fr\/les-guepes-parasites\/pourquoi-les-guepes-parasites-sont-elles-si-efficaces\/#primaryimage","url":"https:\/\/goodbugs.ca\/wp-content\/uploads\/2020\/01\/diagram-controlling-flies-before-hatch-1200x528.jpg","contentUrl":"https:\/\/goodbugs.ca\/wp-content\/uploads\/2020\/01\/diagram-controlling-flies-before-hatch-1200x528.jpg"},{"@type":"BreadcrumbList","@id":"https:\/\/goodbugs.ca\/fr\/les-guepes-parasites\/pourquoi-les-guepes-parasites-sont-elles-si-efficaces\/#breadcrumb","itemListElement":[{"@type":"ListItem","position":1,"name":"Home","item":"https:\/\/goodbugs.ca\/fr\/"},{"@type":"ListItem","position":2,"name":"Les Gu\u00eapes Parasites","item":"https:\/\/goodbugs.ca\/fr\/les-guepes-parasites\/"},{"@type":"ListItem","position":3,"name":"Pourquoi les Gu\u00eapes Parasites Sont-Elles si Efficaces?"}]},{"@type":"WebSite","@id":"https:\/\/goodbugs.ca\/#website","url":"https:\/\/goodbugs.ca\/","name":"Goodbugs","description":"","potentialAction":[{"@type":"SearchAction","target":{"@type":"EntryPoint","urlTemplate":"https:\/\/goodbugs.ca\/?s={search_term_string}"},"query-input":{"@type":"PropertyValueSpecification","valueRequired":true,"valueName":"search_term_string"}}],"inLanguage":"fr-FR"}]}},"_links":{"self":[{"href":"https:\/\/goodbugs.ca\/fr\/wp-json\/wp\/v2\/pages\/306","targetHints":{"allow":["GET"]}}],"collection":[{"href":"https:\/\/goodbugs.ca\/fr\/wp-json\/wp\/v2\/pages"}],"about":[{"href":"https:\/\/goodbugs.ca\/fr\/wp-json\/wp\/v2\/types\/page"}],"author":[{"embeddable":true,"href":"https:\/\/goodbugs.ca\/fr\/wp-json\/wp\/v2\/users\/1"}],"replies":[{"embeddable":true,"href":"https:\/\/goodbugs.ca\/fr\/wp-json\/wp\/v2\/comments?post=306"}],"version-history":[{"count":3,"href":"https:\/\/goodbugs.ca\/fr\/wp-json\/wp\/v2\/pages\/306\/revisions"}],"predecessor-version":[{"id":419,"href":"https:\/\/goodbugs.ca\/fr\/wp-json\/wp\/v2\/pages\/306\/revisions\/419"}],"up":[{"embeddable":true,"href":"https:\/\/goodbugs.ca\/fr\/wp-json\/wp\/v2\/pages\/299"}],"wp:attachment":[{"href":"https:\/\/goodbugs.ca\/fr\/wp-json\/wp\/v2\/media?parent=306"}],"curies":[{"name":"wp","href":"https:\/\/api.w.org\/{rel}","templated":true}]}}