{"id":303,"date":"2020-02-12T15:08:17","date_gmt":"2020-02-12T23:08:17","guid":{"rendered":"https:\/\/goodbugs.ca\/_future\/les-guepes-parasites\/le-controle-des-mouches\/"},"modified":"2022-08-09T15:42:10","modified_gmt":"2022-08-09T22:42:10","slug":"le-controle-des-mouches","status":"publish","type":"page","link":"https:\/\/goodbugs.ca\/fr\/les-guepes-parasites\/le-controle-des-mouches\/","title":{"rendered":"Le Contr\u00f4le des Mouches"},"content":{"rendered":"<p>Une concentration \u00e9lev\u00e9e de mouches cause du stress aux humains et aux animaux de m\u00eame qu\u2019un risque pour la sant\u00e9 . Les mouches les plus communes trouv\u00e9e autour des installations agricoles peuvent \u00eatre s\u00e9par\u00e9es en deux groupes . Le premier groupe comprend les mouches qui sont achalantes. Des concentrations \u00e9lev\u00e9es de mouches provoquent des ennuis physiques \u00e0 l\u2019homme et au b\u00e9tail. Elles peuvent \u00eatre une nuisance g\u00e9n\u00e9rale autant qu\u2019un vecteur de maladie. Plusieurs \u00e9tudes montrent l\u2019impact \u00e9conomique n\u00e9gatif des fortes populations de mouches sur les fermes dont une production de viande, d\u2019\u0153ufs ou de lait plus faible attribuables directement au stress caus\u00e9 par les mouches. Le deuxi\u00e8me groupe de mouches est compos\u00e9 des mouches piqueuses qui peuvent \u00eatre une cause de stress mais aussi propagatrices de maladies transmissibles par le sang. Des revues scientifiques ont document\u00e9 la transmission de nombreux pathog\u00e8nes et maladies par les deux familles de mouches.<\/p>\n<p>C&rsquo;est l&rsquo;objectif de toute exploitation agricole de d\u00e9velopper une solution rentable pour le contr\u00f4le de la mouche. Pour l\u2019\u00e9laboration de toute solution durable, il faut d\u2019abord comprendre le probl\u00e8me en d\u00e9tails et acqu\u00e9rir une connaissance approfondie des mouches incluant les esp\u00e8ces de mouches pr\u00e9sentes, le cycle de vie (reproduction), ainsi que les facteurs comportementaux et environnementaux qui favorisent leur pr\u00e9sence et leur d\u00e9veloppement. Bien que cela puisse sembler complexe, la plupart des esp\u00e8ces de mouches ayant une biologie similaire, les programmes de contr\u00f4le de la mouche peuvent \u00eatre \u00e9labor\u00e9s \u00e0 partir de concepts de base communs puis \u00eatre ajust\u00e9 aux besoins sp\u00e9cifiques de chaque op\u00e9ration agricole.<\/p>\n<h3>La biologie des mouches<\/h3>\n<p>Les mouches sont des animaux \u00e0 sang froid et ont besoin de chaleur ext\u00e9rieure pour se d\u00e9velopper et se reproduire. Une femelle peut pondre jusqu\u2019\u00e0 900 \u0153ufs en une mois. Ces \u0153ufs \u00e9closent en larve en deux jours. Pendant cette phase de d\u00e9veloppement, les larves mangent suffisamment (du fumier ou du compost) pour se d\u00e9velopper jusqu\u2019au stade adulte. La larve se change en pupe. C\u2019est \u00e0 ce stade de d\u00e9veloppement que la larve se transforme en mouche adulte. La pupe ne se nourrit pas, elle utilise les r\u00e9serves accumul\u00e9es au stade larvaire pour compl\u00e9ter sa transformation. La mouche adulte \u00e9merge de la pupe et recommence le cycle. Des math\u00e9maticiens ont calcul\u00e9 que, dans les conditions id\u00e9ales, si tous les \u0153ufs survivaient, une femelle produirait suffisamment d\u2019\u0153ufs pour couvrir la plan\u00e8te sur une profondeur de 15 m\u00e8tres (50 pieds) en un \u00e9t\u00e9. En r\u00e9alit\u00e9, diff\u00e9rents facteurs naturels font que seulement un nombre relativement bas (moins de 5%) de mouches survivent jusqu\u2019au stade adulte. Il est aussi important de consid\u00e9rer que seulement 15 \u00e0 20% de la population de mouches est au stade adulte (visible et incommodant). Le reste de la population est au stade larvaire ou de pupe. C\u2019est un \u00e9l\u00e9ment essentiel \u00e0 conna\u00eetre pour comprendre comment un contr\u00f4le efficace des mouches efficace peut \u00eatre accomplie avec les gu\u00eapes parasites. Il y a aussi trois \u00e9l\u00e9ments cl\u00e9s du cycle de reproduction des mouches (la temp\u00e9rature ext\u00e9rieure, la nourriture et l\u2019humidit\u00e9) qui permettent de mieux contr\u00f4ler le nombre de mouches sur une ferme.<\/p>\n<p>Il y a cinq esp\u00e8ces des gu\u00eapes parasites:<\/p>\n<p>1. Muscidifurax Raptor<br \/>\n2. Muscidifurax Raptorellus<br \/>\n3. Muscidifurax Zaraptor<br \/>\n4. Spalangia Endius<br \/>\n5. Spalangia Cameroni<\/p>\n<h3>La temp\u00e9rature<\/h3>\n<p>Plus il fait chaud (jusqu\u2019\u00e0 environ 45 \u00b0C) plus les mouches peuvent se reproduire rapidement. \u00c0 21\u00b0C (70F), le cycle de reproduction de la mouche (de l\u2019\u0153uf \u00e0 la mouche adulte) d\u2019une mouche de maison ou d\u2019\u00e9table est d\u2019environ 14 jours. Si la temp\u00e9rature est plus froide, le cycle est plus long. Et s\u2019il fait plus chaud, le cycle sera plus court. Ceci contribue \u00e0 expliquer pourquoi il y a plus de mouche en \u00e9t\u00e9 qu\u2019au printemps.<\/p>\n<h3>La nourriture<\/h3>\n<p>Autour de la ferme c\u2019est principalement le fumier et la v\u00e9g\u00e9tation qui compost (incluant la nourriture du b\u00e9tail) qui sont la source de nourriture des mouches. La quantit\u00e9 de fumier va d\u00e9pendre de la taille et du nombre d\u2019animaux. Comme il est impossible de contr\u00f4ler la quantit\u00e9 de fumier, ce sont des m\u00e9thodes de gestion du fumier qui seront efficaces pour r\u00e9duire la population de mouches.<\/p>\n<h3>L\u2019humidit\u00e9<\/h3>\n<p>Les larves de mouches se reproduisent normalement dans de la mati\u00e8re organique ayant un taux d\u2019humidit\u00e9 de 35 \u00e0 70%. C\u2019est pourquoi il y aura plus de mouches pendant les ann\u00e9es pluvieuses que les ann\u00e9es s\u00e8ches o\u00f9 dans les r\u00e9gions plus humides de la province. Il existe plusieurs techniques pour diminuer la pr\u00e9sence d\u2019humidit\u00e9 sur une ferme et r\u00e9duire les populations de mouches.<\/p>\n<h3>R\u00e9sum\u00e9<\/h3>\n<p>Les mouches ne peuvent pas \u00eatre compl\u00e8tement \u00e9limin\u00e9es mais leur nombre peut \u00eatre maintenu \u00e0 un niveau tol\u00e9rable. L\u2019objectif de tout programme de contr\u00f4le des mouches est de r\u00e9duire la population de mouches \u00e0 un niveau acceptable, qui sera confortable pour vous, vos employ\u00e9s ou vos animaux.<\/p>\n<p>La temp\u00e9rature, la nourriture et l\u2019humidit\u00e9 sont des facteurs critiques dans la reproduction des mouches et comprendre comment ces \u00e9l\u00e9ments sont requis pendant le cycle de reproduction de la mouche est important dans le d\u00e9veloppement d\u2019un programme de contr\u00f4le efficace.<\/p>\n<p>L\u2019approche la plus efficace pour contr\u00f4ler les populations de mouches sera donc d\u2019attaquer \u00e0 la fois les mouches adultes et les mouches en d\u00e9veloppement. Une approche qui utilise plusieurs m\u00e9thodes de luttes diff\u00e9rentes est appel\u00e9e Programme de lutte int\u00e9gr\u00e9e contre les organismes nuisibles et consiste en une int\u00e9gration de trois approches principales de contr\u00f4le; un contr\u00f4le physique (ou cultural), biologique et chimique ce qui permet d\u2019obtenir un programme de contr\u00f4le tr\u00e8s efficace. Dans un programme de contr\u00f4le des mouches, une approche int\u00e9gr\u00e9e peut \u00eatre d\u00e9velopp\u00e9e pour cibler les mouches adultes, les mouches en d\u00e9veloppement ainsi que les facteurs nourriture et humidit\u00e9 qui modulent la quantit\u00e9 de mouches pr\u00e9sentes sur une ferme.<\/p>\n","protected":false},"excerpt":{"rendered":"<p>Une concentration \u00e9lev\u00e9e de mouches cause du stress aux humains et aux animaux de m\u00eame qu\u2019un risque pour la sant\u00e9 . Les mouches les plus communes trouv\u00e9e autour des installations agricoles peuvent \u00eatre s\u00e9par\u00e9es en deux&#8230;<\/p>\n","protected":false},"author":1,"featured_media":0,"parent":299,"menu_order":0,"comment_status":"closed","ping_status":"closed","template":"","meta":{"_acf_changed":false,"inline_featured_image":false,"footnotes":""},"class_list":["post-303","page","type-page","status-publish","hentry"],"acf":[],"yoast_head":"<!-- This site is optimized with the Yoast SEO plugin v26.9 - https:\/\/yoast.com\/product\/yoast-seo-wordpress\/ -->\n<title>Le Contr\u00f4le des Mouches - Goodbugs<\/title>\n<meta name=\"robots\" content=\"index, follow, max-snippet:-1, max-image-preview:large, max-video-preview:-1\" \/>\n<link rel=\"canonical\" href=\"https:\/\/goodbugs.ca\/fr\/les-guepes-parasites\/le-controle-des-mouches\/\" \/>\n<meta property=\"og:locale\" content=\"fr_FR\" \/>\n<meta property=\"og:type\" content=\"article\" \/>\n<meta property=\"og:title\" content=\"Le Contr\u00f4le des Mouches - Goodbugs\" \/>\n<meta property=\"og:description\" content=\"Une concentration \u00e9lev\u00e9e de mouches cause du stress aux humains et aux animaux de m\u00eame qu\u2019un risque pour la sant\u00e9 . Les mouches les plus communes trouv\u00e9e autour des installations agricoles peuvent \u00eatre s\u00e9par\u00e9es en deux...\" \/>\n<meta property=\"og:url\" content=\"https:\/\/goodbugs.ca\/fr\/les-guepes-parasites\/le-controle-des-mouches\/\" \/>\n<meta property=\"og:site_name\" content=\"Goodbugs\" \/>\n<meta property=\"article:modified_time\" content=\"2022-08-09T22:42:10+00:00\" \/>\n<meta property=\"og:image\" content=\"https:\/\/goodbugs.ca\/wp-content\/uploads\/2020\/03\/social.jpg\" \/>\n\t<meta property=\"og:image:width\" content=\"600\" \/>\n\t<meta property=\"og:image:height\" content=\"600\" \/>\n\t<meta property=\"og:image:type\" content=\"image\/jpeg\" \/>\n<meta name=\"twitter:card\" content=\"summary_large_image\" \/>\n<meta name=\"twitter:label1\" content=\"Dur\u00e9e de lecture estim\u00e9e\" \/>\n\t<meta name=\"twitter:data1\" content=\"5 minutes\" \/>\n<!-- \/ Yoast SEO plugin. -->","yoast_head_json":{"title":"Le Contr\u00f4le des Mouches - Goodbugs","robots":{"index":"index","follow":"follow","max-snippet":"max-snippet:-1","max-image-preview":"max-image-preview:large","max-video-preview":"max-video-preview:-1"},"canonical":"https:\/\/goodbugs.ca\/fr\/les-guepes-parasites\/le-controle-des-mouches\/","og_locale":"fr_FR","og_type":"article","og_title":"Le Contr\u00f4le des Mouches - Goodbugs","og_description":"Une concentration \u00e9lev\u00e9e de mouches cause du stress aux humains et aux animaux de m\u00eame qu\u2019un risque pour la sant\u00e9 . Les mouches les plus communes trouv\u00e9e autour des installations agricoles peuvent \u00eatre s\u00e9par\u00e9es en deux...","og_url":"https:\/\/goodbugs.ca\/fr\/les-guepes-parasites\/le-controle-des-mouches\/","og_site_name":"Goodbugs","article_modified_time":"2022-08-09T22:42:10+00:00","og_image":[{"width":600,"height":600,"url":"https:\/\/goodbugs.ca\/wp-content\/uploads\/2020\/03\/social.jpg","type":"image\/jpeg"}],"twitter_card":"summary_large_image","twitter_misc":{"Dur\u00e9e de lecture estim\u00e9e":"5 minutes"},"schema":{"@context":"https:\/\/schema.org","@graph":[{"@type":"WebPage","@id":"https:\/\/goodbugs.ca\/fr\/les-guepes-parasites\/le-controle-des-mouches\/","url":"https:\/\/goodbugs.ca\/fr\/les-guepes-parasites\/le-controle-des-mouches\/","name":"Le Contr\u00f4le des Mouches - Goodbugs","isPartOf":{"@id":"https:\/\/goodbugs.ca\/#website"},"datePublished":"2020-02-12T23:08:17+00:00","dateModified":"2022-08-09T22:42:10+00:00","breadcrumb":{"@id":"https:\/\/goodbugs.ca\/fr\/les-guepes-parasites\/le-controle-des-mouches\/#breadcrumb"},"inLanguage":"fr-FR","potentialAction":[{"@type":"ReadAction","target":["https:\/\/goodbugs.ca\/fr\/les-guepes-parasites\/le-controle-des-mouches\/"]}]},{"@type":"BreadcrumbList","@id":"https:\/\/goodbugs.ca\/fr\/les-guepes-parasites\/le-controle-des-mouches\/#breadcrumb","itemListElement":[{"@type":"ListItem","position":1,"name":"Home","item":"https:\/\/goodbugs.ca\/fr\/"},{"@type":"ListItem","position":2,"name":"Les Gu\u00eapes Parasites","item":"https:\/\/goodbugs.ca\/fr\/les-guepes-parasites\/"},{"@type":"ListItem","position":3,"name":"Le Contr\u00f4le des Mouches"}]},{"@type":"WebSite","@id":"https:\/\/goodbugs.ca\/#website","url":"https:\/\/goodbugs.ca\/","name":"Goodbugs","description":"","potentialAction":[{"@type":"SearchAction","target":{"@type":"EntryPoint","urlTemplate":"https:\/\/goodbugs.ca\/?s={search_term_string}"},"query-input":{"@type":"PropertyValueSpecification","valueRequired":true,"valueName":"search_term_string"}}],"inLanguage":"fr-FR"}]}},"_links":{"self":[{"href":"https:\/\/goodbugs.ca\/fr\/wp-json\/wp\/v2\/pages\/303","targetHints":{"allow":["GET"]}}],"collection":[{"href":"https:\/\/goodbugs.ca\/fr\/wp-json\/wp\/v2\/pages"}],"about":[{"href":"https:\/\/goodbugs.ca\/fr\/wp-json\/wp\/v2\/types\/page"}],"author":[{"embeddable":true,"href":"https:\/\/goodbugs.ca\/fr\/wp-json\/wp\/v2\/users\/1"}],"replies":[{"embeddable":true,"href":"https:\/\/goodbugs.ca\/fr\/wp-json\/wp\/v2\/comments?post=303"}],"version-history":[{"count":3,"href":"https:\/\/goodbugs.ca\/fr\/wp-json\/wp\/v2\/pages\/303\/revisions"}],"predecessor-version":[{"id":679,"href":"https:\/\/goodbugs.ca\/fr\/wp-json\/wp\/v2\/pages\/303\/revisions\/679"}],"up":[{"embeddable":true,"href":"https:\/\/goodbugs.ca\/fr\/wp-json\/wp\/v2\/pages\/299"}],"wp:attachment":[{"href":"https:\/\/goodbugs.ca\/fr\/wp-json\/wp\/v2\/media?parent=303"}],"curies":[{"name":"wp","href":"https:\/\/api.w.org\/{rel}","templated":true}]}}